{"id":212,"date":"2016-07-13T15:05:48","date_gmt":"2016-07-13T15:05:48","guid":{"rendered":"https:\/\/www.orege.com\/?page_id=212"},"modified":"2021-06-01T17:04:05","modified_gmt":"2021-06-01T17:04:05","slug":"regulated-information","status":"publish","type":"page","link":"https:\/\/www.orege.com\/en\/investors\/regulated-information\/","title":{"rendered":"Regulated information"},"content":{"rendered":"\n\n    <ul class=\"postlist legals small cl\">\n                    <li class=\"cl\">\n                <h2><a href=\"https:\/\/www.orege.com\/content\/uploads\/2025\/04\/RAPPORT-FINANCIER-ANNUEL-2024.html\" target=\"_blank\">Rapport Financier Annuel 2024<\/a><\/h2>\n                                <div class=\"date\">\n                    April 30, 2025                <\/div>\n                                <a href=\"https:\/\/www.orege.com\/content\/uploads\/2025\/04\/RAPPORT-FINANCIER-ANNUEL-2024.html\" target=\"_blank\" class=\"button\">\n                    Download                <\/a>\n            <\/li>\n                    <li class=\"cl\">\n                <h2><a href=\"https:\/\/www.orege.com\/content\/uploads\/2025\/05\/Avis-signature-dune-convention-reglementee.pdf\" target=\"_blank\">Avis &#8211; signature d&#8217;une convention re\u0300glemente\u0301e<\/a><\/h2>\n                                <div class=\"date\">\n                    April 30, 2025                <\/div>\n                                <a href=\"https:\/\/www.orege.com\/content\/uploads\/2025\/05\/Avis-signature-dune-convention-reglementee.pdf\" target=\"_blank\" class=\"button\">\n                    Download                <\/a>\n            <\/li>\n                    <li class=\"cl\">\n                <h2><a href=\"https:\/\/www.orege.com\/content\/uploads\/2025\/05\/Informations-sur-les-conditions-financieres-de-la-cessation-des-fonctions-de-Directeur-general-delegue-et-Directeur-Administratif-et-Financier.pdf\" target=\"_blank\">Informations sur les conditions financi\u00e8res de la cessation des fonctions de Directeur g\u00e9n\u00e9ral d\u00e9l\u00e9gu\u00e9 et Directeur Administratif et Financier de la Soci\u00e9t\u00e9 de Monsieur George Gonsalves<\/a><\/h2>\n                                <div class=\"date\">\n                    April 30, 2025                <\/div>\n                                <a href=\"https:\/\/www.orege.com\/content\/uploads\/2025\/05\/Informations-sur-les-conditions-financieres-de-la-cessation-des-fonctions-de-Directeur-general-delegue-et-Directeur-Administratif-et-Financier.pdf\" target=\"_blank\" class=\"button\">\n                    Download                <\/a>\n            <\/li>\n                    <li class=\"cl\">\n                <h2><a href=\"https:\/\/www.orege.com\/content\/uploads\/2024\/08\/Declaration-du-nombre-total-des-droits-de-vote-et-du-nombre-dactions-composant-le-capital-au-31-juillet-2024.pdf\" target=\"_blank\">D\u00e9claration du nombre total des droits de vote et du nombre d\u2019actions composant le capital au 31 juillet 2024<\/a><\/h2>\n                                <div class=\"date\">\n                    July 31, 2024                <\/div>\n                                <a href=\"https:\/\/www.orege.com\/content\/uploads\/2024\/08\/Declaration-du-nombre-total-des-droits-de-vote-et-du-nombre-dactions-composant-le-capital-au-31-juillet-2024.pdf\" target=\"_blank\" class=\"button\">\n                    Download                <\/a>\n            <\/li>\n                    <li class=\"cl\">\n                <h2><a href=\"https:\/\/www.orege.com\/content\/uploads\/2023\/10\/avis-signature-d-une-convention-reglementee.pdf\" target=\"_blank\">Avis &#8211; signature d&#8217;une convention re\u0301glemente\u0301e<\/a><\/h2>\n                                <div class=\"date\">\n                    October 6, 2023                <\/div>\n                                <a href=\"https:\/\/www.orege.com\/content\/uploads\/2023\/10\/avis-signature-d-une-convention-reglementee.pdf\" target=\"_blank\" class=\"button\">\n                    Download                <\/a>\n            <\/li>\n                    <li class=\"cl\">\n                <h2><a href=\"https:\/\/www.orege.com\/content\/uploads\/2023\/10\/informations-sur-les-conditions-financieres-de-la-cessation-des-fonctions-de-directeur-general-de-pascal-gendrot.pdf\" target=\"_blank\">Informations sur les conditions financi\u00e8res de la cessation des fonctions de directeur g\u00e9n\u00e9ral de la Soci\u00e9t\u00e9 de Monsieur Pascal Gendrot<\/a><\/h2>\n                                <div class=\"date\">\n                    October 6, 2023                <\/div>\n                                <a href=\"https:\/\/www.orege.com\/content\/uploads\/2023\/10\/informations-sur-les-conditions-financieres-de-la-cessation-des-fonctions-de-directeur-general-de-pascal-gendrot.pdf\" target=\"_blank\" class=\"button\">\n                    Download                <\/a>\n            <\/li>\n                    <li class=\"cl\">\n                <h2><a href=\"https:\/\/www.orege.com\/content\/uploads\/2023\/10\/declaration-du-nombre-total-des-droits-de-vote-et-du-nombre-d-actions-composant-le-capital-au-30-septembre-2023.pdf\" target=\"_blank\">D\u00e9claration du nombre total des droits de vote et du nombre d\u2019actions composant le capital au 30 septembre 2023<\/a><\/h2>\n                                <div class=\"date\">\n                    September 30, 2023                <\/div>\n                                <a href=\"https:\/\/www.orege.com\/content\/uploads\/2023\/10\/declaration-du-nombre-total-des-droits-de-vote-et-du-nombre-d-actions-composant-le-capital-au-30-septembre-2023.pdf\" target=\"_blank\" class=\"button\">\n                    Download                <\/a>\n            <\/li>\n                    <li class=\"cl\">\n                <h2><a href=\"https:\/\/www.orege.com\/content\/uploads\/2019\/07\/OREGE-Re\u0300glement-inte\u0301rieur-du-Conseil-dAdministration.pdf\" target=\"_blank\">R\u00e9glement in\u00e9trieur du Conseil d&#8217;Administration<\/a><\/h2>\n                                <div class=\"date\">\n                    June 30, 2019                <\/div>\n                                <a href=\"https:\/\/www.orege.com\/content\/uploads\/2019\/07\/OREGE-Re\u0300glement-inte\u0301rieur-du-Conseil-dAdministration.pdf\" target=\"_blank\" class=\"button\">\n                    Download                <\/a>\n            <\/li>\n                    <li class=\"cl\">\n                <h2><a href=\"https:\/\/www.orege.com\/content\/uploads\/2019\/06\/OREGE-Note-doperation-visa-AMF-19-296-en-date-du-25-06-2019.pdf\" target=\"_blank\">Note d&#8217;op\u00e9ration visa AMF 19-296 en date du 25 juin 2019<\/a><\/h2>\n                                <div class=\"date\">\n                    June 26, 2019                <\/div>\n                                <a href=\"https:\/\/www.orege.com\/content\/uploads\/2019\/06\/OREGE-Note-doperation-visa-AMF-19-296-en-date-du-25-06-2019.pdf\" target=\"_blank\" class=\"button\">\n                    Download                <\/a>\n            <\/li>\n                    <li class=\"cl\">\n                <h2><a href=\"https:\/\/www.orege.com\/content\/uploads\/2019\/06\/OREGE-Document-de-reference-enregistre-AMF-R19-023-25-06-2019.pdf\" target=\"_blank\">Document de r\u00e9f\u00e9rence enregistr\u00e9 AMF n\u00b0 R.19-023 25 06 2019<\/a><\/h2>\n                                <div class=\"date\">\n                    June 26, 2019                <\/div>\n                                <a href=\"https:\/\/www.orege.com\/content\/uploads\/2019\/06\/OREGE-Document-de-reference-enregistre-AMF-R19-023-25-06-2019.pdf\" target=\"_blank\" class=\"button\">\n                    Download                <\/a>\n            <\/li>\n                    <li class=\"cl\">\n                <h2><a href=\"https:\/\/www.orege.com\/content\/uploads\/2016\/07\/Orege-Communique-Indemnite-de-depart-Pascal-Gendrot.pdf\" target=\"_blank\">Publication de l\u2019autorisation du conseil d\u2019administration relative a\u0300 la re\u0301mune\u0301ration diffe\u0301re\u0301e du directeur ge\u0301ne\u0301ral<\/a><\/h2>\n                                <div class=\"date\">\n                    June 26, 2014                <\/div>\n                                <a href=\"https:\/\/www.orege.com\/content\/uploads\/2016\/07\/Orege-Communique-Indemnite-de-depart-Pascal-Gendrot.pdf\" target=\"_blank\" class=\"button\">\n                    Download                <\/a>\n            <\/li>\n                    <li class=\"cl\">\n                <h2><a href=\"https:\/\/www.orege.com\/content\/uploads\/2016\/07\/Orege-Informations-relatives-aux-caracteristiques-juridiques-financieres-comptables.pdf\" target=\"_blank\">Informations relatives aux caracteristiques, notamment juridiques, financieres et comptables de la societe orege<\/a><\/h2>\n                                <div class=\"date\">\n                    February 18, 2014                <\/div>\n                                <a href=\"https:\/\/www.orege.com\/content\/uploads\/2016\/07\/Orege-Informations-relatives-aux-caracteristiques-juridiques-financieres-comptables.pdf\" target=\"_blank\" class=\"button\">\n                    Download                <\/a>\n            <\/li>\n                    <li class=\"cl\">\n                <h2><a href=\"https:\/\/www.orege.com\/content\/uploads\/2016\/07\/Orege-Note-en-reponse-offre-publique-achat-Eren.pdf\" target=\"_blank\">Note d\u2019information \u00e9tablie par la soci\u00e9t\u00e9 Or\u00e8ge en r\u00e9ponse \u00e0 l\u2019offre publique d\u2019achat simplifi\u00e9e initi\u00e9e par la societe eren<\/a><\/h2>\n                                <div class=\"date\">\n                    February 18, 2014                <\/div>\n                                <a href=\"https:\/\/www.orege.com\/content\/uploads\/2016\/07\/Orege-Note-en-reponse-offre-publique-achat-Eren.pdf\" target=\"_blank\" class=\"button\">\n                    Download                <\/a>\n            <\/li>\n                    <li class=\"cl\">\n                <h2><a href=\"https:\/\/www.orege.com\/content\/uploads\/2016\/07\/Orege-Offre-publique-achat-Eren.pdf\" target=\"_blank\">Offre publique d\u2019achat simplifie\u0301e initie\u0301e par la socie\u0301te\u0301 eren<\/a><\/h2>\n                                <div class=\"date\">\n                    February 18, 2014                <\/div>\n                                <a href=\"https:\/\/www.orege.com\/content\/uploads\/2016\/07\/Orege-Offre-publique-achat-Eren.pdf\" target=\"_blank\" class=\"button\">\n                    Download                <\/a>\n            <\/li>\n                    <li class=\"cl\">\n                <h2><a href=\"https:\/\/www.orege.com\/content\/uploads\/2016\/07\/Orege-Note-operation.pdf\" target=\"_blank\">Note d&#8217;op\u00e9ration<\/a><\/h2>\n                                <div class=\"date\">\n                    June 13, 2013                <\/div>\n                                <a href=\"https:\/\/www.orege.com\/content\/uploads\/2016\/07\/Orege-Note-operation.pdf\" target=\"_blank\" class=\"button\">\n                    Download                <\/a>\n            <\/li>\n                    <li class=\"cl\">\n                <h2><a href=\"https:\/\/www.orege.com\/content\/uploads\/2016\/07\/Orege-International-offering-memorandum.pdf\" target=\"_blank\">International offering memodum<\/a><\/h2>\n                                <div class=\"date\">\n                    June 13, 2013                <\/div>\n                                <a href=\"https:\/\/www.orege.com\/content\/uploads\/2016\/07\/Orege-International-offering-memorandum.pdf\" target=\"_blank\" class=\"button\">\n                    Download                <\/a>\n            <\/li>\n                    <li class=\"cl\">\n                <h2><a href=\"https:\/\/www.orege.com\/content\/uploads\/2016\/07\/Orege-Document-de-base.pdf\" target=\"_blank\">Document de base<\/a><\/h2>\n                                <div class=\"date\">\n                    May 29, 2013                <\/div>\n                                <a href=\"https:\/\/www.orege.com\/content\/uploads\/2016\/07\/Orege-Document-de-base.pdf\" target=\"_blank\" class=\"button\">\n                    Download                <\/a>\n            <\/li>\n            <\/ul>\n    \n","protected":false},"excerpt":{"rendered":"","protected":false},"author":1,"featured_media":0,"parent":14,"menu_order":0,"comment_status":"closed","ping_status":"closed","template":"","meta":{"_acf_changed":false,"footnotes":""},"class_list":["post-212","page","type-page","status-publish","hentry"],"acf":[],"yoast_head":"<!-- This site is optimized with the Yoast SEO plugin v26.8 - https:\/\/yoast.com\/product\/yoast-seo-wordpress\/ -->\n<title>Regulated information - Or\u00e8ge<\/title>\n<meta name=\"robots\" content=\"index, follow, max-snippet:-1, max-image-preview:large, max-video-preview:-1\" \/>\n<link rel=\"canonical\" href=\"https:\/\/www.orege.com\/en\/investors\/regulated-information\/\" \/>\n<meta property=\"og:locale\" content=\"en_US\" \/>\n<meta property=\"og:type\" content=\"article\" \/>\n<meta property=\"og:title\" content=\"Regulated information - Or\u00e8ge\" \/>\n<meta property=\"og:url\" content=\"https:\/\/www.orege.com\/en\/investors\/regulated-information\/\" \/>\n<meta property=\"og:site_name\" content=\"Or\u00e8ge\" \/>\n<meta property=\"article:modified_time\" content=\"2021-06-01T17:04:05+00:00\" \/>\n<meta name=\"twitter:card\" content=\"summary_large_image\" \/>\n<script type=\"application\/ld+json\" class=\"yoast-schema-graph\">{\"@context\":\"https:\/\/schema.org\",\"@graph\":[{\"@type\":\"WebPage\",\"@id\":\"https:\/\/www.orege.com\/en\/investors\/regulated-information\/\",\"url\":\"https:\/\/www.orege.com\/en\/investors\/regulated-information\/\",\"name\":\"Regulated information - Or\u00e8ge\",\"isPartOf\":{\"@id\":\"https:\/\/www.orege.com\/en\/#website\"},\"datePublished\":\"2016-07-13T15:05:48+00:00\",\"dateModified\":\"2021-06-01T17:04:05+00:00\",\"breadcrumb\":{\"@id\":\"https:\/\/www.orege.com\/en\/investors\/regulated-information\/#breadcrumb\"},\"inLanguage\":\"en-US\",\"potentialAction\":[{\"@type\":\"ReadAction\",\"target\":[\"https:\/\/www.orege.com\/en\/investors\/regulated-information\/\"]}]},{\"@type\":\"BreadcrumbList\",\"@id\":\"https:\/\/www.orege.com\/en\/investors\/regulated-information\/#breadcrumb\",\"itemListElement\":[{\"@type\":\"ListItem\",\"position\":1,\"name\":\"Home\",\"item\":\"https:\/\/www.orege.com\/en\/\"},{\"@type\":\"ListItem\",\"position\":2,\"name\":\"Investors\",\"item\":\"https:\/\/www.orege.com\/en\/investors\/\"},{\"@type\":\"ListItem\",\"position\":3,\"name\":\"Regulated information\"}]},{\"@type\":\"WebSite\",\"@id\":\"https:\/\/www.orege.com\/en\/#website\",\"url\":\"https:\/\/www.orege.com\/en\/\",\"name\":\"Or\u00e8ge\",\"description\":\"\",\"potentialAction\":[{\"@type\":\"SearchAction\",\"target\":{\"@type\":\"EntryPoint\",\"urlTemplate\":\"https:\/\/www.orege.com\/en\/?s={search_term_string}\"},\"query-input\":{\"@type\":\"PropertyValueSpecification\",\"valueRequired\":true,\"valueName\":\"search_term_string\"}}],\"inLanguage\":\"en-US\"}]}<\/script>\n<!-- \/ Yoast SEO plugin. -->","yoast_head_json":{"title":"Regulated information - Or\u00e8ge","robots":{"index":"index","follow":"follow","max-snippet":"max-snippet:-1","max-image-preview":"max-image-preview:large","max-video-preview":"max-video-preview:-1"},"canonical":"https:\/\/www.orege.com\/en\/investors\/regulated-information\/","og_locale":"en_US","og_type":"article","og_title":"Regulated information - Or\u00e8ge","og_url":"https:\/\/www.orege.com\/en\/investors\/regulated-information\/","og_site_name":"Or\u00e8ge","article_modified_time":"2021-06-01T17:04:05+00:00","twitter_card":"summary_large_image","schema":{"@context":"https:\/\/schema.org","@graph":[{"@type":"WebPage","@id":"https:\/\/www.orege.com\/en\/investors\/regulated-information\/","url":"https:\/\/www.orege.com\/en\/investors\/regulated-information\/","name":"Regulated information - Or\u00e8ge","isPartOf":{"@id":"https:\/\/www.orege.com\/en\/#website"},"datePublished":"2016-07-13T15:05:48+00:00","dateModified":"2021-06-01T17:04:05+00:00","breadcrumb":{"@id":"https:\/\/www.orege.com\/en\/investors\/regulated-information\/#breadcrumb"},"inLanguage":"en-US","potentialAction":[{"@type":"ReadAction","target":["https:\/\/www.orege.com\/en\/investors\/regulated-information\/"]}]},{"@type":"BreadcrumbList","@id":"https:\/\/www.orege.com\/en\/investors\/regulated-information\/#breadcrumb","itemListElement":[{"@type":"ListItem","position":1,"name":"Home","item":"https:\/\/www.orege.com\/en\/"},{"@type":"ListItem","position":2,"name":"Investors","item":"https:\/\/www.orege.com\/en\/investors\/"},{"@type":"ListItem","position":3,"name":"Regulated information"}]},{"@type":"WebSite","@id":"https:\/\/www.orege.com\/en\/#website","url":"https:\/\/www.orege.com\/en\/","name":"Or\u00e8ge","description":"","potentialAction":[{"@type":"SearchAction","target":{"@type":"EntryPoint","urlTemplate":"https:\/\/www.orege.com\/en\/?s={search_term_string}"},"query-input":{"@type":"PropertyValueSpecification","valueRequired":true,"valueName":"search_term_string"}}],"inLanguage":"en-US"}]}},"_links":{"self":[{"href":"https:\/\/www.orege.com\/en\/wp-json\/wp\/v2\/pages\/212","targetHints":{"allow":["GET"]}}],"collection":[{"href":"https:\/\/www.orege.com\/en\/wp-json\/wp\/v2\/pages"}],"about":[{"href":"https:\/\/www.orege.com\/en\/wp-json\/wp\/v2\/types\/page"}],"author":[{"embeddable":true,"href":"https:\/\/www.orege.com\/en\/wp-json\/wp\/v2\/users\/1"}],"replies":[{"embeddable":true,"href":"https:\/\/www.orege.com\/en\/wp-json\/wp\/v2\/comments?post=212"}],"version-history":[{"count":9,"href":"https:\/\/www.orege.com\/en\/wp-json\/wp\/v2\/pages\/212\/revisions"}],"predecessor-version":[{"id":3650,"href":"https:\/\/www.orege.com\/en\/wp-json\/wp\/v2\/pages\/212\/revisions\/3650"}],"up":[{"embeddable":true,"href":"https:\/\/www.orege.com\/en\/wp-json\/wp\/v2\/pages\/14"}],"wp:attachment":[{"href":"https:\/\/www.orege.com\/en\/wp-json\/wp\/v2\/media?parent=212"}],"curies":[{"name":"wp","href":"https:\/\/api.w.org\/{rel}","templated":true}]}}