{"id":1964,"date":"2019-04-17T14:25:59","date_gmt":"2019-04-17T14:25:59","guid":{"rendered":"https:\/\/www.orege.com\/?page_id=1964"},"modified":"2024-11-22T11:38:49","modified_gmt":"2024-11-22T11:38:49","slug":"mission","status":"publish","type":"page","link":"https:\/\/www.orege.com\/fr\/mission\/","title":{"rendered":"La Mission"},"content":{"rendered":"<p class=\"blue big\">Un accompagnement 360\u00b0 dans la transition \u00e9cologique et \u00e9nerg\u00e9tique de nos clients et partenaires : aux industriels, municipalit\u00e9s, exploitants d\u2019installation d\u2019eaux, aux acteurs du secteur agricole et m\u00e9thaniseurs<\/p>\n<h2 style=\"text-align: center;\">Le saviez-vous ?<\/h2>\n<p class=\"orange\" style=\"text-align: center;\">Les installations de traitement des eaux et des boues,<br \/>\nfont partie des plus grands \u00e9metteurs de gaz \u00e0 effet de serre (GES)<\/p>\n<p class=\"orange\" style=\"text-align: center;\">Le volume des boues des stations d\u2019\u00e9puration augmente<br \/>\nd\u2019environ 5% par an au niveau mondial<\/p>\n<p class=\"orange\" style=\"text-align: center;\">Jusqu\u2019\u00e0 50% du co\u00fbt du traitement des eaux us\u00e9es peut \u00eatre attribu\u00e9<br \/>\n\u00e0 la gestion et l\u2019\u00e9limination des boues (source : Global Water Intelligence)<\/p>\n<p>&nbsp;<\/p>\n<p class=\"blue\"><strong>La gestion des boues d\u2019\u00e9puration repr\u00e9sente un enjeu d\u2019envergure tant sur le plan \u00e9conomique qu\u2019environnemental.<\/strong><\/p>\n<p>Or\u00e8ge propose \u00e0 ses clients et \u00e0 ses partenaires des solutions cl\u00e9s en main et services personnalis\u00e9s du traitement des boues et d\u00e9chets organiques pour en faire un produit \u00e0 forte valeur ajout\u00e9e<\/p>\n<p>Les solutions brevet\u00e9es Or\u00e8ge permettent notamment :<\/p>\n<ul>\n<li><strong>de r\u00e9duire le volume des boues produites<\/strong><\/li>\n<li><strong>d\u2019optimiser leur valorisation \u00e9nerg\u00e9tique et agricole<\/strong> (digestion ana\u00e9robie\/biom\u00e9thane, production de granul\u00e9s, \u00e9pandage, compostage).<\/li>\n<\/ul>\n<p>Pour aller plus loin, voir <a href=\"https:\/\/www.orege.com\/fr\/developpement-durable\/\">le d\u00e9veloppement durable<\/a>.<\/p>\n<p><img fetchpriority=\"high\" decoding=\"async\" class=\"size-large wp-image-4439 aligncenter\" src=\"http:\/\/www.orege.com\/content\/uploads\/2024\/11\/boost-biogas-production-2-1024x761.png\" alt=\"\" width=\"1024\" height=\"761\" \/><\/p>\n","protected":false},"excerpt":{"rendered":"<p>Un accompagnement 360\u00b0 dans la transition \u00e9cologique et \u00e9nerg\u00e9tique de nos clients et partenaires : aux industriels, municipalit\u00e9s, exploitants d\u2019installation d\u2019eaux, aux acteurs du secteur agricole et m\u00e9thaniseurs Le saviez-vous ? Les installations de traitement des eaux et des boues, font partie des plus grands \u00e9metteurs de gaz \u00e0 effet de serre (GES) Le volume [&hellip;]<\/p>\n","protected":false},"author":1,"featured_media":0,"parent":0,"menu_order":0,"comment_status":"closed","ping_status":"closed","template":"","meta":{"_acf_changed":false,"footnotes":""},"class_list":["post-1964","page","type-page","status-publish","hentry"],"acf":[],"yoast_head":"<!-- This site is optimized with the Yoast SEO plugin v26.8 - https:\/\/yoast.com\/product\/yoast-seo-wordpress\/ -->\n<title>La Mission - Or\u00e8ge<\/title>\n<meta name=\"robots\" content=\"index, follow, max-snippet:-1, max-image-preview:large, max-video-preview:-1\" \/>\n<link rel=\"canonical\" href=\"https:\/\/www.orege.com\/fr\/mission\/\" \/>\n<meta property=\"og:locale\" content=\"fr_FR\" \/>\n<meta property=\"og:type\" content=\"article\" \/>\n<meta property=\"og:title\" content=\"La Mission - Or\u00e8ge\" \/>\n<meta property=\"og:description\" content=\"Un accompagnement 360\u00b0 dans la transition \u00e9cologique et \u00e9nerg\u00e9tique de nos clients et partenaires : aux industriels, municipalit\u00e9s, exploitants d\u2019installation d\u2019eaux, aux acteurs du secteur agricole et m\u00e9thaniseurs Le saviez-vous ? Les installations de traitement des eaux et des boues, font partie des plus grands \u00e9metteurs de gaz \u00e0 effet de serre (GES) Le volume [&hellip;]\" \/>\n<meta property=\"og:url\" content=\"https:\/\/www.orege.com\/fr\/mission\/\" \/>\n<meta property=\"og:site_name\" content=\"Or\u00e8ge\" \/>\n<meta property=\"article:modified_time\" content=\"2024-11-22T11:38:49+00:00\" \/>\n<meta property=\"og:image\" content=\"https:\/\/www.orege.com\/content\/uploads\/2024\/11\/boost-biogas-production-2.png\" \/>\n\t<meta property=\"og:image:width\" content=\"1280\" \/>\n\t<meta property=\"og:image:height\" content=\"951\" \/>\n\t<meta property=\"og:image:type\" content=\"image\/png\" \/>\n<meta name=\"twitter:card\" content=\"summary_large_image\" \/>\n<meta name=\"twitter:label1\" content=\"Dur\u00e9e de lecture estim\u00e9e\" \/>\n\t<meta name=\"twitter:data1\" content=\"1 minute\" \/>\n<script type=\"application\/ld+json\" class=\"yoast-schema-graph\">{\"@context\":\"https:\/\/schema.org\",\"@graph\":[{\"@type\":\"WebPage\",\"@id\":\"https:\/\/www.orege.com\/fr\/mission\/\",\"url\":\"https:\/\/www.orege.com\/fr\/mission\/\",\"name\":\"La Mission - Or\u00e8ge\",\"isPartOf\":{\"@id\":\"https:\/\/www.orege.com\/fr\/#website\"},\"primaryImageOfPage\":{\"@id\":\"https:\/\/www.orege.com\/fr\/mission\/#primaryimage\"},\"image\":{\"@id\":\"https:\/\/www.orege.com\/fr\/mission\/#primaryimage\"},\"thumbnailUrl\":\"http:\/\/www.orege.com\/content\/uploads\/2024\/11\/boost-biogas-production-2-1024x761.png\",\"datePublished\":\"2019-04-17T14:25:59+00:00\",\"dateModified\":\"2024-11-22T11:38:49+00:00\",\"breadcrumb\":{\"@id\":\"https:\/\/www.orege.com\/fr\/mission\/#breadcrumb\"},\"inLanguage\":\"fr-FR\",\"potentialAction\":[{\"@type\":\"ReadAction\",\"target\":[\"https:\/\/www.orege.com\/fr\/mission\/\"]}]},{\"@type\":\"ImageObject\",\"inLanguage\":\"fr-FR\",\"@id\":\"https:\/\/www.orege.com\/fr\/mission\/#primaryimage\",\"url\":\"http:\/\/www.orege.com\/content\/uploads\/2024\/11\/boost-biogas-production-2-1024x761.png\",\"contentUrl\":\"http:\/\/www.orege.com\/content\/uploads\/2024\/11\/boost-biogas-production-2-1024x761.png\"},{\"@type\":\"BreadcrumbList\",\"@id\":\"https:\/\/www.orege.com\/fr\/mission\/#breadcrumb\",\"itemListElement\":[{\"@type\":\"ListItem\",\"position\":1,\"name\":\"Home\",\"item\":\"https:\/\/www.orege.com\/fr\/\"},{\"@type\":\"ListItem\",\"position\":2,\"name\":\"La Mission\"}]},{\"@type\":\"WebSite\",\"@id\":\"https:\/\/www.orege.com\/fr\/#website\",\"url\":\"https:\/\/www.orege.com\/fr\/\",\"name\":\"Or\u00e8ge\",\"description\":\"\",\"potentialAction\":[{\"@type\":\"SearchAction\",\"target\":{\"@type\":\"EntryPoint\",\"urlTemplate\":\"https:\/\/www.orege.com\/fr\/?s={search_term_string}\"},\"query-input\":{\"@type\":\"PropertyValueSpecification\",\"valueRequired\":true,\"valueName\":\"search_term_string\"}}],\"inLanguage\":\"fr-FR\"}]}<\/script>\n<!-- \/ Yoast SEO plugin. -->","yoast_head_json":{"title":"La Mission - Or\u00e8ge","robots":{"index":"index","follow":"follow","max-snippet":"max-snippet:-1","max-image-preview":"max-image-preview:large","max-video-preview":"max-video-preview:-1"},"canonical":"https:\/\/www.orege.com\/fr\/mission\/","og_locale":"fr_FR","og_type":"article","og_title":"La Mission - Or\u00e8ge","og_description":"Un accompagnement 360\u00b0 dans la transition \u00e9cologique et \u00e9nerg\u00e9tique de nos clients et partenaires : aux industriels, municipalit\u00e9s, exploitants d\u2019installation d\u2019eaux, aux acteurs du secteur agricole et m\u00e9thaniseurs Le saviez-vous ? Les installations de traitement des eaux et des boues, font partie des plus grands \u00e9metteurs de gaz \u00e0 effet de serre (GES) Le volume [&hellip;]","og_url":"https:\/\/www.orege.com\/fr\/mission\/","og_site_name":"Or\u00e8ge","article_modified_time":"2024-11-22T11:38:49+00:00","og_image":[{"width":1280,"height":951,"url":"https:\/\/www.orege.com\/content\/uploads\/2024\/11\/boost-biogas-production-2.png","type":"image\/png"}],"twitter_card":"summary_large_image","twitter_misc":{"Dur\u00e9e de lecture estim\u00e9e":"1 minute"},"schema":{"@context":"https:\/\/schema.org","@graph":[{"@type":"WebPage","@id":"https:\/\/www.orege.com\/fr\/mission\/","url":"https:\/\/www.orege.com\/fr\/mission\/","name":"La Mission - Or\u00e8ge","isPartOf":{"@id":"https:\/\/www.orege.com\/fr\/#website"},"primaryImageOfPage":{"@id":"https:\/\/www.orege.com\/fr\/mission\/#primaryimage"},"image":{"@id":"https:\/\/www.orege.com\/fr\/mission\/#primaryimage"},"thumbnailUrl":"http:\/\/www.orege.com\/content\/uploads\/2024\/11\/boost-biogas-production-2-1024x761.png","datePublished":"2019-04-17T14:25:59+00:00","dateModified":"2024-11-22T11:38:49+00:00","breadcrumb":{"@id":"https:\/\/www.orege.com\/fr\/mission\/#breadcrumb"},"inLanguage":"fr-FR","potentialAction":[{"@type":"ReadAction","target":["https:\/\/www.orege.com\/fr\/mission\/"]}]},{"@type":"ImageObject","inLanguage":"fr-FR","@id":"https:\/\/www.orege.com\/fr\/mission\/#primaryimage","url":"http:\/\/www.orege.com\/content\/uploads\/2024\/11\/boost-biogas-production-2-1024x761.png","contentUrl":"http:\/\/www.orege.com\/content\/uploads\/2024\/11\/boost-biogas-production-2-1024x761.png"},{"@type":"BreadcrumbList","@id":"https:\/\/www.orege.com\/fr\/mission\/#breadcrumb","itemListElement":[{"@type":"ListItem","position":1,"name":"Home","item":"https:\/\/www.orege.com\/fr\/"},{"@type":"ListItem","position":2,"name":"La Mission"}]},{"@type":"WebSite","@id":"https:\/\/www.orege.com\/fr\/#website","url":"https:\/\/www.orege.com\/fr\/","name":"Or\u00e8ge","description":"","potentialAction":[{"@type":"SearchAction","target":{"@type":"EntryPoint","urlTemplate":"https:\/\/www.orege.com\/fr\/?s={search_term_string}"},"query-input":{"@type":"PropertyValueSpecification","valueRequired":true,"valueName":"search_term_string"}}],"inLanguage":"fr-FR"}]}},"_links":{"self":[{"href":"https:\/\/www.orege.com\/fr\/wp-json\/wp\/v2\/pages\/1964","targetHints":{"allow":["GET"]}}],"collection":[{"href":"https:\/\/www.orege.com\/fr\/wp-json\/wp\/v2\/pages"}],"about":[{"href":"https:\/\/www.orege.com\/fr\/wp-json\/wp\/v2\/types\/page"}],"author":[{"embeddable":true,"href":"https:\/\/www.orege.com\/fr\/wp-json\/wp\/v2\/users\/1"}],"replies":[{"embeddable":true,"href":"https:\/\/www.orege.com\/fr\/wp-json\/wp\/v2\/comments?post=1964"}],"version-history":[{"count":26,"href":"https:\/\/www.orege.com\/fr\/wp-json\/wp\/v2\/pages\/1964\/revisions"}],"predecessor-version":[{"id":4446,"href":"https:\/\/www.orege.com\/fr\/wp-json\/wp\/v2\/pages\/1964\/revisions\/4446"}],"wp:attachment":[{"href":"https:\/\/www.orege.com\/fr\/wp-json\/wp\/v2\/media?parent=1964"}],"curies":[{"name":"wp","href":"https:\/\/api.w.org\/{rel}","templated":true}]}}