{"id":3120,"date":"2021-02-10T14:43:03","date_gmt":"2021-02-10T14:43:03","guid":{"rendered":"https:\/\/www.orege.com\/?page_id=3120"},"modified":"2021-05-11T18:56:04","modified_gmt":"2021-05-11T18:56:04","slug":"developpement-durable","status":"publish","type":"page","link":"https:\/\/www.orege.com\/fr\/developpement-durable\/","title":{"rendered":"Le d\u00e9veloppement durable"},"content":{"rendered":"<p class=\"big blue\">Les solutions Or\u00e8ge s\u2019inscrivent dans une d\u00e9marche de Responsabilit\u00e9 Soci\u00e9tale des Entreprises<\/p>\n<p class=\"blue\"><strong>Les solutions Or\u00e8ge permettent d\u2019am\u00e9liorer significativement les performances des \u00e9tapes d\u2019\u00e9paississement, de digestion ana\u00e9robie, de d\u00e9shydratation jusqu\u2019au s\u00e9chage des boues des stations d\u2019\u00e9puration.<\/strong><\/p>\n<h2>Les impacts positifs sur les aspects environnementaux et soci\u00e9taux sont les suivants :<\/h2>\n<div class=\"card card-green\">\n<p><strong>Contribution aux objectifs de d\u00e9veloppement durable<\/strong><\/p>\n<ul>\n<li>Diminution de l\u2019empreinte carbone de la fili\u00e8re \u00ab boues \u00bb<\/li>\n<li>Pr\u00e9servation des milieux terrestres et aquatiques<\/li>\n<li>Facilitation de l\u2019acceptation soci\u00e9tale du traitement et de la valorisation des boues<\/li>\n<li>Optimisation de la production d\u2019\u00e9nergie renouvelable<\/li>\n<li>Pr\u00e9servation des ressources et diminution de la d\u00e9pendance aux \u00e9nergies fossiles<\/li>\n<\/ul>\n<\/div>\n<div class=\"card\">\n<p><strong>Optimisation du fonctionnement de la fili\u00e8re de traitement des boues<\/strong><\/p>\n<ul>\n<li>Optimisation de la capacit\u00e9 de traitement des \u00e9quipements<\/li>\n<li>R\u00e9duction du temps et des co\u00fbts associ\u00e9s pour l\u2019exploitation des \u00e9quipements<\/li>\n<li>R\u00e9duction du volume de boues \u00e0 transporter<\/li>\n<li>R\u00e9duction de la consommation de r\u00e9actifs<\/li>\n<li>Am\u00e9lioration des caract\u00e9ristiques rh\u00e9ologiques et physico-chimiques des boues permettant une optimisation des valorisations agricoles<\/li>\n<li>Am\u00e9lioration de la qualit\u00e9 et r\u00e9utilisation du filtrat<\/li>\n<\/ul>\n<\/div>\n<div class=\"card card-orange\">\n<p><strong> Optimisation de la valorisation des boues produites<\/strong><\/p>\n<ul>\n<li>Valorisation agronomique et paysag\u00e8re<\/li>\n<li>Production de biogaz\/biom\u00e9thane<\/li>\n<li>Co-incin\u00e9ration (substitution aux \u00e9nergies fossiles)<\/li>\n<\/ul>\n<\/div>\n<p>Par le biais de ses technologies et de ses solutions, Or\u00e8ge contribue aux objectifs de d\u00e9veloppement durable \u00e9tablis par les \u00c9tats membres des Nations Unies.<\/p>\n<p><img fetchpriority=\"high\" decoding=\"async\" class=\"img-responsive aligncenter wp-image-3283 size-large\" src=\"https:\/\/www.orege.com\/content\/uploads\/2021\/05\/engagements-developpement-durable-1-1024x512.jpg\" alt=\"\" width=\"1024\" height=\"512\" \/><\/p>\n<p class=\"orange big\" style=\"text-align: center;\">En 2021, Or\u00e8ge propose \u00e0 ses clients une d\u00e9marche d\u2019accompagnement sur l\u2019impact positif des solutions SLG ou SLG-F sur leur bilan RSE.<\/p>\n<p class=\"big blue\" style=\"text-align: center;\">Or\u00e8ge,<br \/>\nun <strong style=\"color: #f79514;\">I<\/strong>nvestissement <strong style=\"color: #f79514;\">S<\/strong>ocialement <strong style=\"color: #f79514;\">R<\/strong>esponsable<\/p>\n","protected":false},"excerpt":{"rendered":"<p>Les solutions Or\u00e8ge s\u2019inscrivent dans une d\u00e9marche de Responsabilit\u00e9 Soci\u00e9tale des Entreprises Les solutions Or\u00e8ge permettent d\u2019am\u00e9liorer significativement les performances des \u00e9tapes d\u2019\u00e9paississement, de digestion ana\u00e9robie, de d\u00e9shydratation jusqu\u2019au s\u00e9chage des boues des stations d\u2019\u00e9puration. Les impacts positifs sur les aspects environnementaux et soci\u00e9taux sont les suivants : Contribution aux objectifs de d\u00e9veloppement durable Diminution [&hellip;]<\/p>\n","protected":false},"author":1,"featured_media":0,"parent":0,"menu_order":0,"comment_status":"closed","ping_status":"closed","template":"","meta":{"_acf_changed":false,"footnotes":""},"class_list":["post-3120","page","type-page","status-publish","hentry"],"acf":[],"yoast_head":"<!-- This site is optimized with the Yoast SEO plugin v26.8 - https:\/\/yoast.com\/product\/yoast-seo-wordpress\/ -->\n<title>Le d\u00e9veloppement durable - Or\u00e8ge<\/title>\n<meta name=\"robots\" content=\"index, follow, max-snippet:-1, max-image-preview:large, max-video-preview:-1\" \/>\n<link rel=\"canonical\" href=\"https:\/\/www.orege.com\/fr\/developpement-durable\/\" \/>\n<meta property=\"og:locale\" content=\"fr_FR\" \/>\n<meta property=\"og:type\" content=\"article\" \/>\n<meta property=\"og:title\" content=\"Le d\u00e9veloppement durable - Or\u00e8ge\" \/>\n<meta property=\"og:description\" content=\"Les solutions Or\u00e8ge s\u2019inscrivent dans une d\u00e9marche de Responsabilit\u00e9 Soci\u00e9tale des Entreprises Les solutions Or\u00e8ge permettent d\u2019am\u00e9liorer significativement les performances des \u00e9tapes d\u2019\u00e9paississement, de digestion ana\u00e9robie, de d\u00e9shydratation jusqu\u2019au s\u00e9chage des boues des stations d\u2019\u00e9puration. Les impacts positifs sur les aspects environnementaux et soci\u00e9taux sont les suivants : Contribution aux objectifs de d\u00e9veloppement durable Diminution [&hellip;]\" \/>\n<meta property=\"og:url\" content=\"https:\/\/www.orege.com\/fr\/developpement-durable\/\" \/>\n<meta property=\"og:site_name\" content=\"Or\u00e8ge\" \/>\n<meta property=\"article:modified_time\" content=\"2021-05-11T18:56:04+00:00\" \/>\n<meta property=\"og:image\" content=\"https:\/\/www.orege.com\/content\/uploads\/2021\/05\/engagements-developpement-durable-1-1024x512.jpg\" \/>\n<meta name=\"twitter:card\" content=\"summary_large_image\" \/>\n<meta name=\"twitter:label1\" content=\"Dur\u00e9e de lecture estim\u00e9e\" \/>\n\t<meta name=\"twitter:data1\" content=\"2 minutes\" \/>\n<script type=\"application\/ld+json\" class=\"yoast-schema-graph\">{\"@context\":\"https:\/\/schema.org\",\"@graph\":[{\"@type\":\"WebPage\",\"@id\":\"https:\/\/www.orege.com\/fr\/developpement-durable\/\",\"url\":\"https:\/\/www.orege.com\/fr\/developpement-durable\/\",\"name\":\"Le d\u00e9veloppement durable - Or\u00e8ge\",\"isPartOf\":{\"@id\":\"https:\/\/www.orege.com\/fr\/#website\"},\"primaryImageOfPage\":{\"@id\":\"https:\/\/www.orege.com\/fr\/developpement-durable\/#primaryimage\"},\"image\":{\"@id\":\"https:\/\/www.orege.com\/fr\/developpement-durable\/#primaryimage\"},\"thumbnailUrl\":\"https:\/\/www.orege.com\/content\/uploads\/2021\/05\/engagements-developpement-durable-1-1024x512.jpg\",\"datePublished\":\"2021-02-10T14:43:03+00:00\",\"dateModified\":\"2021-05-11T18:56:04+00:00\",\"breadcrumb\":{\"@id\":\"https:\/\/www.orege.com\/fr\/developpement-durable\/#breadcrumb\"},\"inLanguage\":\"fr-FR\",\"potentialAction\":[{\"@type\":\"ReadAction\",\"target\":[\"https:\/\/www.orege.com\/fr\/developpement-durable\/\"]}]},{\"@type\":\"ImageObject\",\"inLanguage\":\"fr-FR\",\"@id\":\"https:\/\/www.orege.com\/fr\/developpement-durable\/#primaryimage\",\"url\":\"https:\/\/www.orege.com\/content\/uploads\/2021\/05\/engagements-developpement-durable-1-1024x512.jpg\",\"contentUrl\":\"https:\/\/www.orege.com\/content\/uploads\/2021\/05\/engagements-developpement-durable-1-1024x512.jpg\"},{\"@type\":\"BreadcrumbList\",\"@id\":\"https:\/\/www.orege.com\/fr\/developpement-durable\/#breadcrumb\",\"itemListElement\":[{\"@type\":\"ListItem\",\"position\":1,\"name\":\"Home\",\"item\":\"https:\/\/www.orege.com\/fr\/\"},{\"@type\":\"ListItem\",\"position\":2,\"name\":\"Le d\u00e9veloppement durable\"}]},{\"@type\":\"WebSite\",\"@id\":\"https:\/\/www.orege.com\/fr\/#website\",\"url\":\"https:\/\/www.orege.com\/fr\/\",\"name\":\"Or\u00e8ge\",\"description\":\"\",\"potentialAction\":[{\"@type\":\"SearchAction\",\"target\":{\"@type\":\"EntryPoint\",\"urlTemplate\":\"https:\/\/www.orege.com\/fr\/?s={search_term_string}\"},\"query-input\":{\"@type\":\"PropertyValueSpecification\",\"valueRequired\":true,\"valueName\":\"search_term_string\"}}],\"inLanguage\":\"fr-FR\"}]}<\/script>\n<!-- \/ Yoast SEO plugin. -->","yoast_head_json":{"title":"Le d\u00e9veloppement durable - Or\u00e8ge","robots":{"index":"index","follow":"follow","max-snippet":"max-snippet:-1","max-image-preview":"max-image-preview:large","max-video-preview":"max-video-preview:-1"},"canonical":"https:\/\/www.orege.com\/fr\/developpement-durable\/","og_locale":"fr_FR","og_type":"article","og_title":"Le d\u00e9veloppement durable - Or\u00e8ge","og_description":"Les solutions Or\u00e8ge s\u2019inscrivent dans une d\u00e9marche de Responsabilit\u00e9 Soci\u00e9tale des Entreprises Les solutions Or\u00e8ge permettent d\u2019am\u00e9liorer significativement les performances des \u00e9tapes d\u2019\u00e9paississement, de digestion ana\u00e9robie, de d\u00e9shydratation jusqu\u2019au s\u00e9chage des boues des stations d\u2019\u00e9puration. Les impacts positifs sur les aspects environnementaux et soci\u00e9taux sont les suivants : Contribution aux objectifs de d\u00e9veloppement durable Diminution [&hellip;]","og_url":"https:\/\/www.orege.com\/fr\/developpement-durable\/","og_site_name":"Or\u00e8ge","article_modified_time":"2021-05-11T18:56:04+00:00","og_image":[{"url":"https:\/\/www.orege.com\/content\/uploads\/2021\/05\/engagements-developpement-durable-1-1024x512.jpg","type":"","width":"","height":""}],"twitter_card":"summary_large_image","twitter_misc":{"Dur\u00e9e de lecture estim\u00e9e":"2 minutes"},"schema":{"@context":"https:\/\/schema.org","@graph":[{"@type":"WebPage","@id":"https:\/\/www.orege.com\/fr\/developpement-durable\/","url":"https:\/\/www.orege.com\/fr\/developpement-durable\/","name":"Le d\u00e9veloppement durable - Or\u00e8ge","isPartOf":{"@id":"https:\/\/www.orege.com\/fr\/#website"},"primaryImageOfPage":{"@id":"https:\/\/www.orege.com\/fr\/developpement-durable\/#primaryimage"},"image":{"@id":"https:\/\/www.orege.com\/fr\/developpement-durable\/#primaryimage"},"thumbnailUrl":"https:\/\/www.orege.com\/content\/uploads\/2021\/05\/engagements-developpement-durable-1-1024x512.jpg","datePublished":"2021-02-10T14:43:03+00:00","dateModified":"2021-05-11T18:56:04+00:00","breadcrumb":{"@id":"https:\/\/www.orege.com\/fr\/developpement-durable\/#breadcrumb"},"inLanguage":"fr-FR","potentialAction":[{"@type":"ReadAction","target":["https:\/\/www.orege.com\/fr\/developpement-durable\/"]}]},{"@type":"ImageObject","inLanguage":"fr-FR","@id":"https:\/\/www.orege.com\/fr\/developpement-durable\/#primaryimage","url":"https:\/\/www.orege.com\/content\/uploads\/2021\/05\/engagements-developpement-durable-1-1024x512.jpg","contentUrl":"https:\/\/www.orege.com\/content\/uploads\/2021\/05\/engagements-developpement-durable-1-1024x512.jpg"},{"@type":"BreadcrumbList","@id":"https:\/\/www.orege.com\/fr\/developpement-durable\/#breadcrumb","itemListElement":[{"@type":"ListItem","position":1,"name":"Home","item":"https:\/\/www.orege.com\/fr\/"},{"@type":"ListItem","position":2,"name":"Le d\u00e9veloppement durable"}]},{"@type":"WebSite","@id":"https:\/\/www.orege.com\/fr\/#website","url":"https:\/\/www.orege.com\/fr\/","name":"Or\u00e8ge","description":"","potentialAction":[{"@type":"SearchAction","target":{"@type":"EntryPoint","urlTemplate":"https:\/\/www.orege.com\/fr\/?s={search_term_string}"},"query-input":{"@type":"PropertyValueSpecification","valueRequired":true,"valueName":"search_term_string"}}],"inLanguage":"fr-FR"}]}},"_links":{"self":[{"href":"https:\/\/www.orege.com\/fr\/wp-json\/wp\/v2\/pages\/3120","targetHints":{"allow":["GET"]}}],"collection":[{"href":"https:\/\/www.orege.com\/fr\/wp-json\/wp\/v2\/pages"}],"about":[{"href":"https:\/\/www.orege.com\/fr\/wp-json\/wp\/v2\/types\/page"}],"author":[{"embeddable":true,"href":"https:\/\/www.orege.com\/fr\/wp-json\/wp\/v2\/users\/1"}],"replies":[{"embeddable":true,"href":"https:\/\/www.orege.com\/fr\/wp-json\/wp\/v2\/comments?post=3120"}],"version-history":[{"count":23,"href":"https:\/\/www.orege.com\/fr\/wp-json\/wp\/v2\/pages\/3120\/revisions"}],"predecessor-version":[{"id":3528,"href":"https:\/\/www.orege.com\/fr\/wp-json\/wp\/v2\/pages\/3120\/revisions\/3528"}],"wp:attachment":[{"href":"https:\/\/www.orege.com\/fr\/wp-json\/wp\/v2\/media?parent=3120"}],"curies":[{"name":"wp","href":"https:\/\/api.w.org\/{rel}","templated":true}]}}