{"id":3187,"date":"2021-02-10T16:20:31","date_gmt":"2021-02-10T16:20:31","guid":{"rendered":"https:\/\/www.orege.com\/?page_id=3187"},"modified":"2024-11-21T17:58:46","modified_gmt":"2024-11-21T17:58:46","slug":"les-marches","status":"publish","type":"page","link":"https:\/\/www.orege.com\/fr\/les-marches\/","title":{"rendered":"Les march\u00e9s"},"content":{"rendered":"<p class=\"big blue\">Le march\u00e9 des boues en perp\u00e9tuelle croissance<\/p>\n<h2>Une pr\u00e9sence mondiale sur des march\u00e9s vari\u00e9s.<\/h2>\n<p>La production mondiale de boues par les stations d\u2019\u00e9puration cro\u00eet constamment en raison de l\u2019augmentation de la population, et de l\u2019augmentation du taux de raccordement aux r\u00e9seaux de collecte des eaux us\u00e9es. Les r\u00e8glementations nationales sont de plus en plus nombreuses et contraignantes pour la chaine de traitement et d\u2019\u00e9limination des boues.<\/p>\n<p>Or\u00e8ge peut fournir les solutions et l&rsquo;expertise pour mettre en \u0153uvre des strat\u00e9gies de gestion des boues durables et rentables dans les stations d&rsquo;\u00e9puration municipales, ainsi que dans les stations industrielles, notamment dans les industries papeti\u00e8res, agroalimentaires et la p\u00e9trochimie.<\/p>\n<p><img fetchpriority=\"high\" decoding=\"async\" class=\"img-responsive alignnone wp-image-3481 size-full\" src=\"https:\/\/www.orege.com\/content\/uploads\/2021\/05\/les-marches-fr.jpg\" alt=\"\" width=\"1147\" height=\"626\" \/><\/p>\n<p>&nbsp;<\/p>\n","protected":false},"excerpt":{"rendered":"<p>Le march\u00e9 des boues en perp\u00e9tuelle croissance Une pr\u00e9sence mondiale sur des march\u00e9s vari\u00e9s. La production mondiale de boues par les stations d\u2019\u00e9puration cro\u00eet constamment en raison de l\u2019augmentation de la population, et de l\u2019augmentation du taux de raccordement aux r\u00e9seaux de collecte des eaux us\u00e9es. Les r\u00e8glementations nationales sont de plus en plus nombreuses [&hellip;]<\/p>\n","protected":false},"author":1,"featured_media":0,"parent":0,"menu_order":0,"comment_status":"closed","ping_status":"closed","template":"","meta":{"_acf_changed":false,"footnotes":""},"class_list":["post-3187","page","type-page","status-publish","hentry"],"acf":[],"yoast_head":"<!-- This site is optimized with the Yoast SEO plugin v26.8 - https:\/\/yoast.com\/product\/yoast-seo-wordpress\/ -->\n<title>Les march\u00e9s - Or\u00e8ge<\/title>\n<meta name=\"robots\" content=\"index, follow, max-snippet:-1, max-image-preview:large, max-video-preview:-1\" \/>\n<link rel=\"canonical\" href=\"https:\/\/www.orege.com\/fr\/les-marches\/\" \/>\n<meta property=\"og:locale\" content=\"fr_FR\" \/>\n<meta property=\"og:type\" content=\"article\" \/>\n<meta property=\"og:title\" content=\"Les march\u00e9s - Or\u00e8ge\" \/>\n<meta property=\"og:description\" content=\"Le march\u00e9 des boues en perp\u00e9tuelle croissance Une pr\u00e9sence mondiale sur des march\u00e9s vari\u00e9s. La production mondiale de boues par les stations d\u2019\u00e9puration cro\u00eet constamment en raison de l\u2019augmentation de la population, et de l\u2019augmentation du taux de raccordement aux r\u00e9seaux de collecte des eaux us\u00e9es. Les r\u00e8glementations nationales sont de plus en plus nombreuses [&hellip;]\" \/>\n<meta property=\"og:url\" content=\"https:\/\/www.orege.com\/fr\/les-marches\/\" \/>\n<meta property=\"og:site_name\" content=\"Or\u00e8ge\" \/>\n<meta property=\"article:modified_time\" content=\"2024-11-21T17:58:46+00:00\" \/>\n<meta property=\"og:image\" content=\"https:\/\/www.orege.com\/content\/uploads\/2021\/05\/les-marches-fr.jpg\" \/>\n\t<meta property=\"og:image:width\" content=\"1147\" \/>\n\t<meta property=\"og:image:height\" content=\"626\" \/>\n\t<meta property=\"og:image:type\" content=\"image\/jpeg\" \/>\n<meta name=\"twitter:card\" content=\"summary_large_image\" \/>\n<meta name=\"twitter:label1\" content=\"Dur\u00e9e de lecture estim\u00e9e\" \/>\n\t<meta name=\"twitter:data1\" content=\"1 minute\" \/>\n<script type=\"application\/ld+json\" class=\"yoast-schema-graph\">{\"@context\":\"https:\/\/schema.org\",\"@graph\":[{\"@type\":\"WebPage\",\"@id\":\"https:\/\/www.orege.com\/fr\/les-marches\/\",\"url\":\"https:\/\/www.orege.com\/fr\/les-marches\/\",\"name\":\"Les march\u00e9s - Or\u00e8ge\",\"isPartOf\":{\"@id\":\"https:\/\/www.orege.com\/fr\/#website\"},\"primaryImageOfPage\":{\"@id\":\"https:\/\/www.orege.com\/fr\/les-marches\/#primaryimage\"},\"image\":{\"@id\":\"https:\/\/www.orege.com\/fr\/les-marches\/#primaryimage\"},\"thumbnailUrl\":\"https:\/\/www.orege.com\/content\/uploads\/2021\/05\/les-marches-fr.jpg\",\"datePublished\":\"2021-02-10T16:20:31+00:00\",\"dateModified\":\"2024-11-21T17:58:46+00:00\",\"breadcrumb\":{\"@id\":\"https:\/\/www.orege.com\/fr\/les-marches\/#breadcrumb\"},\"inLanguage\":\"fr-FR\",\"potentialAction\":[{\"@type\":\"ReadAction\",\"target\":[\"https:\/\/www.orege.com\/fr\/les-marches\/\"]}]},{\"@type\":\"ImageObject\",\"inLanguage\":\"fr-FR\",\"@id\":\"https:\/\/www.orege.com\/fr\/les-marches\/#primaryimage\",\"url\":\"https:\/\/www.orege.com\/content\/uploads\/2021\/05\/les-marches-fr.jpg\",\"contentUrl\":\"https:\/\/www.orege.com\/content\/uploads\/2021\/05\/les-marches-fr.jpg\"},{\"@type\":\"BreadcrumbList\",\"@id\":\"https:\/\/www.orege.com\/fr\/les-marches\/#breadcrumb\",\"itemListElement\":[{\"@type\":\"ListItem\",\"position\":1,\"name\":\"Home\",\"item\":\"https:\/\/www.orege.com\/fr\/\"},{\"@type\":\"ListItem\",\"position\":2,\"name\":\"Les march\u00e9s\"}]},{\"@type\":\"WebSite\",\"@id\":\"https:\/\/www.orege.com\/fr\/#website\",\"url\":\"https:\/\/www.orege.com\/fr\/\",\"name\":\"Or\u00e8ge\",\"description\":\"\",\"potentialAction\":[{\"@type\":\"SearchAction\",\"target\":{\"@type\":\"EntryPoint\",\"urlTemplate\":\"https:\/\/www.orege.com\/fr\/?s={search_term_string}\"},\"query-input\":{\"@type\":\"PropertyValueSpecification\",\"valueRequired\":true,\"valueName\":\"search_term_string\"}}],\"inLanguage\":\"fr-FR\"}]}<\/script>\n<!-- \/ Yoast SEO plugin. -->","yoast_head_json":{"title":"Les march\u00e9s - Or\u00e8ge","robots":{"index":"index","follow":"follow","max-snippet":"max-snippet:-1","max-image-preview":"max-image-preview:large","max-video-preview":"max-video-preview:-1"},"canonical":"https:\/\/www.orege.com\/fr\/les-marches\/","og_locale":"fr_FR","og_type":"article","og_title":"Les march\u00e9s - Or\u00e8ge","og_description":"Le march\u00e9 des boues en perp\u00e9tuelle croissance Une pr\u00e9sence mondiale sur des march\u00e9s vari\u00e9s. La production mondiale de boues par les stations d\u2019\u00e9puration cro\u00eet constamment en raison de l\u2019augmentation de la population, et de l\u2019augmentation du taux de raccordement aux r\u00e9seaux de collecte des eaux us\u00e9es. Les r\u00e8glementations nationales sont de plus en plus nombreuses [&hellip;]","og_url":"https:\/\/www.orege.com\/fr\/les-marches\/","og_site_name":"Or\u00e8ge","article_modified_time":"2024-11-21T17:58:46+00:00","og_image":[{"width":1147,"height":626,"url":"https:\/\/www.orege.com\/content\/uploads\/2021\/05\/les-marches-fr.jpg","type":"image\/jpeg"}],"twitter_card":"summary_large_image","twitter_misc":{"Dur\u00e9e de lecture estim\u00e9e":"1 minute"},"schema":{"@context":"https:\/\/schema.org","@graph":[{"@type":"WebPage","@id":"https:\/\/www.orege.com\/fr\/les-marches\/","url":"https:\/\/www.orege.com\/fr\/les-marches\/","name":"Les march\u00e9s - Or\u00e8ge","isPartOf":{"@id":"https:\/\/www.orege.com\/fr\/#website"},"primaryImageOfPage":{"@id":"https:\/\/www.orege.com\/fr\/les-marches\/#primaryimage"},"image":{"@id":"https:\/\/www.orege.com\/fr\/les-marches\/#primaryimage"},"thumbnailUrl":"https:\/\/www.orege.com\/content\/uploads\/2021\/05\/les-marches-fr.jpg","datePublished":"2021-02-10T16:20:31+00:00","dateModified":"2024-11-21T17:58:46+00:00","breadcrumb":{"@id":"https:\/\/www.orege.com\/fr\/les-marches\/#breadcrumb"},"inLanguage":"fr-FR","potentialAction":[{"@type":"ReadAction","target":["https:\/\/www.orege.com\/fr\/les-marches\/"]}]},{"@type":"ImageObject","inLanguage":"fr-FR","@id":"https:\/\/www.orege.com\/fr\/les-marches\/#primaryimage","url":"https:\/\/www.orege.com\/content\/uploads\/2021\/05\/les-marches-fr.jpg","contentUrl":"https:\/\/www.orege.com\/content\/uploads\/2021\/05\/les-marches-fr.jpg"},{"@type":"BreadcrumbList","@id":"https:\/\/www.orege.com\/fr\/les-marches\/#breadcrumb","itemListElement":[{"@type":"ListItem","position":1,"name":"Home","item":"https:\/\/www.orege.com\/fr\/"},{"@type":"ListItem","position":2,"name":"Les march\u00e9s"}]},{"@type":"WebSite","@id":"https:\/\/www.orege.com\/fr\/#website","url":"https:\/\/www.orege.com\/fr\/","name":"Or\u00e8ge","description":"","potentialAction":[{"@type":"SearchAction","target":{"@type":"EntryPoint","urlTemplate":"https:\/\/www.orege.com\/fr\/?s={search_term_string}"},"query-input":{"@type":"PropertyValueSpecification","valueRequired":true,"valueName":"search_term_string"}}],"inLanguage":"fr-FR"}]}},"_links":{"self":[{"href":"https:\/\/www.orege.com\/fr\/wp-json\/wp\/v2\/pages\/3187","targetHints":{"allow":["GET"]}}],"collection":[{"href":"https:\/\/www.orege.com\/fr\/wp-json\/wp\/v2\/pages"}],"about":[{"href":"https:\/\/www.orege.com\/fr\/wp-json\/wp\/v2\/types\/page"}],"author":[{"embeddable":true,"href":"https:\/\/www.orege.com\/fr\/wp-json\/wp\/v2\/users\/1"}],"replies":[{"embeddable":true,"href":"https:\/\/www.orege.com\/fr\/wp-json\/wp\/v2\/comments?post=3187"}],"version-history":[{"count":12,"href":"https:\/\/www.orege.com\/fr\/wp-json\/wp\/v2\/pages\/3187\/revisions"}],"predecessor-version":[{"id":4368,"href":"https:\/\/www.orege.com\/fr\/wp-json\/wp\/v2\/pages\/3187\/revisions\/4368"}],"wp:attachment":[{"href":"https:\/\/www.orege.com\/fr\/wp-json\/wp\/v2\/media?parent=3187"}],"curies":[{"name":"wp","href":"https:\/\/api.w.org\/{rel}","templated":true}]}}