{"id":3189,"date":"2021-02-10T16:20:42","date_gmt":"2021-02-10T16:20:42","guid":{"rendered":"https:\/\/www.orege.com\/?page_id=3189"},"modified":"2024-11-22T13:11:39","modified_gmt":"2024-11-22T13:11:39","slug":"applications","status":"publish","type":"page","link":"https:\/\/www.orege.com\/fr\/applications\/","title":{"rendered":"Applications"},"content":{"rendered":"<p class=\"big blue\">Des applications multiples<\/p>\n<h2>Des solutions pour toute la ligne de traitement des boues.<\/h2>\n<p><strong>L\u2019\u00e9paississement avanc\u00e9<\/strong> avec la solution SLG-F offre des performances et b\u00e9n\u00e9fices pour les boues municipales et industrielles en amont des \u00e9tapes de d\u00e9shydratation, du transport ou de la digestion ana\u00e9robie.<\/p>\n<ul>\n<li>Compatible avec tous types de boues incluant les boues secondaires (biologiques), les boues mixtes (primaires\/biologiques), les boues dig\u00e9r\u00e9es, ou les boues issues d\u2019un traitement de pr\u00e9cipitation du phosphore.<\/li>\n<\/ul>\n<p><strong>L\u2019optimisation de l\u2019\u00e9tape de d\u00e9shydratation<\/strong> avec la solution de conditionnement SLG am\u00e9liore les performances et r\u00e9duit le temps d\u2019exploitation des outils de d\u00e9shydratation existants ou nouveaux, y compris les filtres \u00e0 bandes et les centrifugeuses.<\/p>\n<ul>\n<li>Am\u00e9liore la siccit\u00e9, r\u00e9duit la consommation de polym\u00e8re, augmente le d\u00e9bit hydraulique, am\u00e9liore la qualit\u00e9 du filtrat et la rh\u00e9ologie de la boue.<\/li>\n<\/ul>\n<div class=\"bxslider-gallery\"><div><img decoding=\"async\" src=\"https:\/\/www.orege.com\/content\/uploads\/2024\/11\/application-slider-0-fr-1024x576.jpg\" title=\"\" alt=\"\" \/><\/div><div><img decoding=\"async\" src=\"https:\/\/www.orege.com\/content\/uploads\/2024\/11\/application-slider-1-fr-1024x576.jpg\" title=\"Flottation boues SLG\" alt=\"\" \/><\/div><div><img decoding=\"async\" src=\"https:\/\/www.orege.com\/content\/uploads\/2024\/11\/application-slider-2-fr-1024x576.jpg\" title=\"SLG-F Mobile\" alt=\"\" \/><\/div><div><img decoding=\"async\" src=\"https:\/\/www.orege.com\/content\/uploads\/2024\/11\/application-slider-3-fr-1024x576.jpg\" title=\"SLG-F skid\" alt=\"\" \/><\/div><div><img decoding=\"async\" src=\"https:\/\/www.orege.com\/content\/uploads\/2024\/11\/application-slider-4-fr-1024x576.jpg\" title=\"Boues SLG D\u00e9shydrat\u00e9es\" alt=\"\" \/><\/div><div><img decoding=\"async\" src=\"https:\/\/www.orege.com\/content\/uploads\/2024\/11\/application-slider-5-fr-1024x576.jpg\" title=\"Installation SLG, Deland (USA)\" alt=\"\" \/><\/div><\/div>\n<div style=\"width: 1280px;\" class=\"wp-video\"><video class=\"wp-video-shortcode\" id=\"video-3189-1\" width=\"1280\" height=\"720\" preload=\"metadata\" controls=\"controls\"><source type=\"video\/mp4\" src=\"https:\/\/www.orege.com\/content\/uploads\/2021\/05\/comparaison-step-slg.mp4?_=1\" \/><a href=\"https:\/\/www.orege.com\/content\/uploads\/2021\/05\/comparaison-step-slg.mp4\">https:\/\/www.orege.com\/content\/uploads\/2021\/05\/comparaison-step-slg.mp4<\/a><\/video><\/div>\n<p>&nbsp;<\/p>\n<p><strong>L\u2019am\u00e9lioration de l\u2019\u00e9tape de digestion ana\u00e9robie<\/strong> avec une \u00e9tape d\u2019\u00e9paississement SLG-F suivie d\u2019un pr\u00e9traitement avec la solution SLG.<\/p>\n<ul>\n<li>Am\u00e9liore la rh\u00e9ologie de la boue, le m\u00e9lange des boues, augmente le temps de s\u00e9jour hydraulique et la production de biogaz.<\/li>\n<\/ul>\n<p><strong>La r\u00e9duction des odeurs et de la corrosion provoqu\u00e9e par les gaz nocifs<\/strong> par le conditionnement SLG.<\/p>\n<ul>\n<li>Elimine le sulfure d&rsquo;hydrog\u00e8ne et d&rsquo;autres gaz nocifs des boues, les concentre et les dirige vers une \u00e9tape de traitement d\u2019air.<\/li>\n<\/ul>\n<p><strong>L\u2019optimisation des proc\u00e9d\u00e9s de s\u00e9chage des boues et de leur valorisation \u00e9nerg\u00e9tique<\/strong> avec la production de granul\u00e9s de boues SLG.<\/p>\n<ul>\n<li>R\u00e9duit le temps de s\u00e9chage gr\u00e2ce \u00e0 une porosit\u00e9 accrue de la boue SLG.<\/li>\n<li>R\u00e9duit la consommation \u00e9nerg\u00e9tique par tonne d\u2019eau \u00e9vapor\u00e9e.<\/li>\n<\/ul>\n<p><img fetchpriority=\"high\" decoding=\"async\" class=\"img-responsive aligncenter wp-image-3490 size-full\" src=\"https:\/\/www.orege.com\/content\/uploads\/2021\/05\/les-applications-fr.jpg\" alt=\"\" width=\"972\" height=\"627\" \/><\/p>\n<p>Pour aller plus loin, voir <a href=\"https:\/\/www.orege.com\/fr\/les-marches\/\">Les March\u00e9s<\/a>, <a href=\"https:\/\/www.orege.com\/fr\/la-solution-slg-f\/\">Le SLG<\/a> ou <a href=\"https:\/\/www.orege.com\/fr\/la-solution-slg-f\/\">Le SLG-F<\/a><\/p>\n","protected":false},"excerpt":{"rendered":"<p>Des applications multiples Des solutions pour toute la ligne de traitement des boues. L\u2019\u00e9paississement avanc\u00e9 avec la solution SLG-F offre des performances et b\u00e9n\u00e9fices pour les boues municipales et industrielles en amont des \u00e9tapes de d\u00e9shydratation, du transport ou de la digestion ana\u00e9robie. Compatible avec tous types de boues incluant les boues secondaires (biologiques), les [&hellip;]<\/p>\n","protected":false},"author":1,"featured_media":0,"parent":0,"menu_order":0,"comment_status":"closed","ping_status":"closed","template":"","meta":{"_acf_changed":false,"footnotes":""},"class_list":["post-3189","page","type-page","status-publish","hentry"],"acf":[],"yoast_head":"<!-- This site is optimized with the Yoast SEO plugin v26.8 - https:\/\/yoast.com\/product\/yoast-seo-wordpress\/ -->\n<title>Applications - Or\u00e8ge<\/title>\n<meta name=\"robots\" content=\"index, follow, max-snippet:-1, max-image-preview:large, max-video-preview:-1\" \/>\n<link rel=\"canonical\" href=\"https:\/\/www.orege.com\/fr\/applications\/\" \/>\n<meta property=\"og:locale\" content=\"fr_FR\" \/>\n<meta property=\"og:type\" content=\"article\" \/>\n<meta property=\"og:title\" content=\"Applications - Or\u00e8ge\" \/>\n<meta property=\"og:description\" content=\"Des applications multiples Des solutions pour toute la ligne de traitement des boues. L\u2019\u00e9paississement avanc\u00e9 avec la solution SLG-F offre des performances et b\u00e9n\u00e9fices pour les boues municipales et industrielles en amont des \u00e9tapes de d\u00e9shydratation, du transport ou de la digestion ana\u00e9robie. Compatible avec tous types de boues incluant les boues secondaires (biologiques), les [&hellip;]\" \/>\n<meta property=\"og:url\" content=\"https:\/\/www.orege.com\/fr\/applications\/\" \/>\n<meta property=\"og:site_name\" content=\"Or\u00e8ge\" \/>\n<meta property=\"article:modified_time\" content=\"2024-11-22T13:11:39+00:00\" \/>\n<meta property=\"og:image\" content=\"http:\/\/www.orege.com\/content\/uploads\/2024\/11\/application-slider-0-fr-150x150.jpg\" \/>\n<meta name=\"twitter:card\" content=\"summary_large_image\" \/>\n<meta name=\"twitter:label1\" content=\"Dur\u00e9e de lecture estim\u00e9e\" \/>\n\t<meta name=\"twitter:data1\" content=\"2 minutes\" \/>\n<script type=\"application\/ld+json\" class=\"yoast-schema-graph\">{\"@context\":\"https:\/\/schema.org\",\"@graph\":[{\"@type\":\"WebPage\",\"@id\":\"https:\/\/www.orege.com\/fr\/applications\/\",\"url\":\"https:\/\/www.orege.com\/fr\/applications\/\",\"name\":\"Applications - Or\u00e8ge\",\"isPartOf\":{\"@id\":\"https:\/\/www.orege.com\/fr\/#website\"},\"primaryImageOfPage\":{\"@id\":\"https:\/\/www.orege.com\/fr\/applications\/#primaryimage\"},\"image\":{\"@id\":\"https:\/\/www.orege.com\/fr\/applications\/#primaryimage\"},\"thumbnailUrl\":\"https:\/\/www.orege.com\/content\/uploads\/2021\/05\/les-applications-fr.jpg\",\"datePublished\":\"2021-02-10T16:20:42+00:00\",\"dateModified\":\"2024-11-22T13:11:39+00:00\",\"breadcrumb\":{\"@id\":\"https:\/\/www.orege.com\/fr\/applications\/#breadcrumb\"},\"inLanguage\":\"fr-FR\",\"potentialAction\":[{\"@type\":\"ReadAction\",\"target\":[\"https:\/\/www.orege.com\/fr\/applications\/\"]}]},{\"@type\":\"ImageObject\",\"inLanguage\":\"fr-FR\",\"@id\":\"https:\/\/www.orege.com\/fr\/applications\/#primaryimage\",\"url\":\"https:\/\/www.orege.com\/content\/uploads\/2021\/05\/les-applications-fr.jpg\",\"contentUrl\":\"https:\/\/www.orege.com\/content\/uploads\/2021\/05\/les-applications-fr.jpg\"},{\"@type\":\"BreadcrumbList\",\"@id\":\"https:\/\/www.orege.com\/fr\/applications\/#breadcrumb\",\"itemListElement\":[{\"@type\":\"ListItem\",\"position\":1,\"name\":\"Home\",\"item\":\"https:\/\/www.orege.com\/fr\/\"},{\"@type\":\"ListItem\",\"position\":2,\"name\":\"Applications\"}]},{\"@type\":\"WebSite\",\"@id\":\"https:\/\/www.orege.com\/fr\/#website\",\"url\":\"https:\/\/www.orege.com\/fr\/\",\"name\":\"Or\u00e8ge\",\"description\":\"\",\"potentialAction\":[{\"@type\":\"SearchAction\",\"target\":{\"@type\":\"EntryPoint\",\"urlTemplate\":\"https:\/\/www.orege.com\/fr\/?s={search_term_string}\"},\"query-input\":{\"@type\":\"PropertyValueSpecification\",\"valueRequired\":true,\"valueName\":\"search_term_string\"}}],\"inLanguage\":\"fr-FR\"}]}<\/script>\n<!-- \/ Yoast SEO plugin. -->","yoast_head_json":{"title":"Applications - Or\u00e8ge","robots":{"index":"index","follow":"follow","max-snippet":"max-snippet:-1","max-image-preview":"max-image-preview:large","max-video-preview":"max-video-preview:-1"},"canonical":"https:\/\/www.orege.com\/fr\/applications\/","og_locale":"fr_FR","og_type":"article","og_title":"Applications - Or\u00e8ge","og_description":"Des applications multiples Des solutions pour toute la ligne de traitement des boues. L\u2019\u00e9paississement avanc\u00e9 avec la solution SLG-F offre des performances et b\u00e9n\u00e9fices pour les boues municipales et industrielles en amont des \u00e9tapes de d\u00e9shydratation, du transport ou de la digestion ana\u00e9robie. Compatible avec tous types de boues incluant les boues secondaires (biologiques), les [&hellip;]","og_url":"https:\/\/www.orege.com\/fr\/applications\/","og_site_name":"Or\u00e8ge","article_modified_time":"2024-11-22T13:11:39+00:00","og_image":[{"url":"http:\/\/www.orege.com\/content\/uploads\/2024\/11\/application-slider-0-fr-150x150.jpg","type":"","width":"","height":""}],"twitter_card":"summary_large_image","twitter_misc":{"Dur\u00e9e de lecture estim\u00e9e":"2 minutes"},"schema":{"@context":"https:\/\/schema.org","@graph":[{"@type":"WebPage","@id":"https:\/\/www.orege.com\/fr\/applications\/","url":"https:\/\/www.orege.com\/fr\/applications\/","name":"Applications - Or\u00e8ge","isPartOf":{"@id":"https:\/\/www.orege.com\/fr\/#website"},"primaryImageOfPage":{"@id":"https:\/\/www.orege.com\/fr\/applications\/#primaryimage"},"image":{"@id":"https:\/\/www.orege.com\/fr\/applications\/#primaryimage"},"thumbnailUrl":"https:\/\/www.orege.com\/content\/uploads\/2021\/05\/les-applications-fr.jpg","datePublished":"2021-02-10T16:20:42+00:00","dateModified":"2024-11-22T13:11:39+00:00","breadcrumb":{"@id":"https:\/\/www.orege.com\/fr\/applications\/#breadcrumb"},"inLanguage":"fr-FR","potentialAction":[{"@type":"ReadAction","target":["https:\/\/www.orege.com\/fr\/applications\/"]}]},{"@type":"ImageObject","inLanguage":"fr-FR","@id":"https:\/\/www.orege.com\/fr\/applications\/#primaryimage","url":"https:\/\/www.orege.com\/content\/uploads\/2021\/05\/les-applications-fr.jpg","contentUrl":"https:\/\/www.orege.com\/content\/uploads\/2021\/05\/les-applications-fr.jpg"},{"@type":"BreadcrumbList","@id":"https:\/\/www.orege.com\/fr\/applications\/#breadcrumb","itemListElement":[{"@type":"ListItem","position":1,"name":"Home","item":"https:\/\/www.orege.com\/fr\/"},{"@type":"ListItem","position":2,"name":"Applications"}]},{"@type":"WebSite","@id":"https:\/\/www.orege.com\/fr\/#website","url":"https:\/\/www.orege.com\/fr\/","name":"Or\u00e8ge","description":"","potentialAction":[{"@type":"SearchAction","target":{"@type":"EntryPoint","urlTemplate":"https:\/\/www.orege.com\/fr\/?s={search_term_string}"},"query-input":{"@type":"PropertyValueSpecification","valueRequired":true,"valueName":"search_term_string"}}],"inLanguage":"fr-FR"}]}},"_links":{"self":[{"href":"https:\/\/www.orege.com\/fr\/wp-json\/wp\/v2\/pages\/3189","targetHints":{"allow":["GET"]}}],"collection":[{"href":"https:\/\/www.orege.com\/fr\/wp-json\/wp\/v2\/pages"}],"about":[{"href":"https:\/\/www.orege.com\/fr\/wp-json\/wp\/v2\/types\/page"}],"author":[{"embeddable":true,"href":"https:\/\/www.orege.com\/fr\/wp-json\/wp\/v2\/users\/1"}],"replies":[{"embeddable":true,"href":"https:\/\/www.orege.com\/fr\/wp-json\/wp\/v2\/comments?post=3189"}],"version-history":[{"count":17,"href":"https:\/\/www.orege.com\/fr\/wp-json\/wp\/v2\/pages\/3189\/revisions"}],"predecessor-version":[{"id":4490,"href":"https:\/\/www.orege.com\/fr\/wp-json\/wp\/v2\/pages\/3189\/revisions\/4490"}],"wp:attachment":[{"href":"https:\/\/www.orege.com\/fr\/wp-json\/wp\/v2\/media?parent=3189"}],"curies":[{"name":"wp","href":"https:\/\/api.w.org\/{rel}","templated":true}]}}