{"id":384,"date":"2016-07-21T08:54:42","date_gmt":"2016-07-21T08:54:42","guid":{"rendered":"https:\/\/www.orege.com\/fr\/?page_id=384"},"modified":"2024-11-22T12:50:08","modified_gmt":"2024-11-22T12:50:08","slug":"qui-sommes-nous","status":"publish","type":"page","link":"https:\/\/www.orege.com\/fr\/qui-sommes-nous\/","title":{"rendered":"Qui sommes-nous ?"},"content":{"rendered":"<p class=\"big blue\">Or\u00e8ge l\u2019innovation au service du traitement et de la valorisation des d\u00e9chets depuis plus de 15 ans<\/p>\n<p class=\"orange\">Gr\u00e2ce \u00e0 la technologie de pointe SLG aux performances in\u00e9gal\u00e9es, Or\u00e8ge propose des solutions cl\u00e9s en main et des services personnalis\u00e9s pour r\u00e9duire vos co\u00fbts de transport et traitement des boues et maximiser la production de biogaz<\/p>\n<p>Or\u00e8ge est une entreprise fran\u00e7aise \u00e0 dimension internationale, filiale du groupe Eren Industries (<a href=\"https:\/\/www.eren-groupe.lu\" target=\"_blank\" rel=\"noopener\">www.eren-groupe.lu<\/a>). Or\u00e8ge accompagne ses clients dans une dizaine de pays \u00e0 partir de ses implantations en France, aux Etats-Unis, en Angleterre et en Allemagne.<\/p>\n<p>Or\u00e8ge a pour partenaires :<\/p>\n<ul>\n<li>Le Groupe Alfa Laval (<a href=\"https:\/\/www.alfalaval.com\" target=\"_blank\" rel=\"noopener noreferrer\">www.alfalaval.com<\/a>)<\/li>\n<\/ul>\n<h2>L&rsquo;essentiel d&rsquo;Or\u00e8ge<\/h2>\n<ul class=\"card\">\n<li>Un portefeuille de solutions comp\u00e9titives qui am\u00e9liorent les performances \u00e9conomiques et environnementales de l&rsquo;atelier boues des stations d&rsquo;\u00e9puration<\/li>\n<li>Un savoir-faire test\u00e9 et valid\u00e9 par nos clients<\/li>\n<li>Des contrats de vente ou de location des unit\u00e9s<\/li>\n<li>Un accompagnement dans la mise en oeuvre et la formation des exploitants<\/li>\n<li>Un service apr\u00e8s-vente pi\u00e8ces et main d&rsquo;oeuvre<\/li>\n<li>Un suivi r\u00e9gulier des performances de vos installations<\/li>\n<\/ul>\n<p class=\"blue big\" style=\"text-align: center;\">Les offres Or\u00e8ge repr\u00e9sentent un investissement rentable avec un ROI la plupart du temps inf\u00e9rieur \u00e0 3 ans.<\/p>\n<p class=\"big orange\" style=\"text-align: center;\">Or\u00e8ge accompagne ses clients dans leur d\u00e9marche RSE.<\/p>\n<h2>Une pr\u00e9sence internationale<\/h2>\n<ul>\n<li>France<\/li>\n<li>Royaume-Uni<\/li>\n<li>Italie<\/li>\n<li>Etats-Unis d&rsquo;Am\u00e9rique<\/li>\n<\/ul>\n<h2>Nos partenaires<\/h2>\n<p style=\"text-align: center;\"><img fetchpriority=\"high\" decoding=\"async\" class=\" wp-image-3065 alignnone\" src=\"https:\/\/www.orege.com\/content\/uploads\/2021\/02\/logo-alfa-laval.png\" alt=\"\" width=\"347\" height=\"195\" \/><\/p>\n<p>&nbsp;<\/p>\n","protected":false},"excerpt":{"rendered":"<p>Or\u00e8ge l\u2019innovation au service du traitement et de la valorisation des d\u00e9chets depuis plus de 15 ans Gr\u00e2ce \u00e0 la technologie de pointe SLG aux performances in\u00e9gal\u00e9es, Or\u00e8ge propose des solutions cl\u00e9s en main et des services personnalis\u00e9s pour r\u00e9duire vos co\u00fbts de transport et traitement des boues et maximiser la production de biogaz Or\u00e8ge [&hellip;]<\/p>\n","protected":false},"author":1,"featured_media":0,"parent":0,"menu_order":0,"comment_status":"closed","ping_status":"closed","template":"","meta":{"_acf_changed":false,"footnotes":""},"class_list":["post-384","page","type-page","status-publish","hentry"],"acf":[],"yoast_head":"<!-- This site is optimized with the Yoast SEO plugin v26.8 - https:\/\/yoast.com\/product\/yoast-seo-wordpress\/ -->\n<title>Qui sommes-nous ? - Or\u00e8ge<\/title>\n<meta name=\"robots\" content=\"index, follow, max-snippet:-1, max-image-preview:large, max-video-preview:-1\" \/>\n<link rel=\"canonical\" href=\"https:\/\/www.orege.com\/fr\/qui-sommes-nous\/\" \/>\n<meta property=\"og:locale\" content=\"fr_FR\" \/>\n<meta property=\"og:type\" content=\"article\" \/>\n<meta property=\"og:title\" content=\"Qui sommes-nous ? - Or\u00e8ge\" \/>\n<meta property=\"og:description\" content=\"Or\u00e8ge l\u2019innovation au service du traitement et de la valorisation des d\u00e9chets depuis plus de 15 ans Gr\u00e2ce \u00e0 la technologie de pointe SLG aux performances in\u00e9gal\u00e9es, Or\u00e8ge propose des solutions cl\u00e9s en main et des services personnalis\u00e9s pour r\u00e9duire vos co\u00fbts de transport et traitement des boues et maximiser la production de biogaz Or\u00e8ge [&hellip;]\" \/>\n<meta property=\"og:url\" content=\"https:\/\/www.orege.com\/fr\/qui-sommes-nous\/\" \/>\n<meta property=\"og:site_name\" content=\"Or\u00e8ge\" \/>\n<meta property=\"article:modified_time\" content=\"2024-11-22T12:50:08+00:00\" \/>\n<meta property=\"og:image\" content=\"https:\/\/www.orege.com\/content\/uploads\/2021\/02\/logo-alfa-laval.png\" \/>\n\t<meta property=\"og:image:width\" content=\"640\" \/>\n\t<meta property=\"og:image:height\" content=\"360\" \/>\n\t<meta property=\"og:image:type\" content=\"image\/png\" \/>\n<meta name=\"twitter:card\" content=\"summary_large_image\" \/>\n<meta name=\"twitter:label1\" content=\"Dur\u00e9e de lecture estim\u00e9e\" \/>\n\t<meta name=\"twitter:data1\" content=\"2 minutes\" \/>\n<script type=\"application\/ld+json\" class=\"yoast-schema-graph\">{\"@context\":\"https:\/\/schema.org\",\"@graph\":[{\"@type\":\"WebPage\",\"@id\":\"https:\/\/www.orege.com\/fr\/qui-sommes-nous\/\",\"url\":\"https:\/\/www.orege.com\/fr\/qui-sommes-nous\/\",\"name\":\"Qui sommes-nous ? - Or\u00e8ge\",\"isPartOf\":{\"@id\":\"https:\/\/www.orege.com\/fr\/#website\"},\"primaryImageOfPage\":{\"@id\":\"https:\/\/www.orege.com\/fr\/qui-sommes-nous\/#primaryimage\"},\"image\":{\"@id\":\"https:\/\/www.orege.com\/fr\/qui-sommes-nous\/#primaryimage\"},\"thumbnailUrl\":\"https:\/\/www.orege.com\/content\/uploads\/2021\/02\/logo-alfa-laval.png\",\"datePublished\":\"2016-07-21T08:54:42+00:00\",\"dateModified\":\"2024-11-22T12:50:08+00:00\",\"breadcrumb\":{\"@id\":\"https:\/\/www.orege.com\/fr\/qui-sommes-nous\/#breadcrumb\"},\"inLanguage\":\"fr-FR\",\"potentialAction\":[{\"@type\":\"ReadAction\",\"target\":[\"https:\/\/www.orege.com\/fr\/qui-sommes-nous\/\"]}]},{\"@type\":\"ImageObject\",\"inLanguage\":\"fr-FR\",\"@id\":\"https:\/\/www.orege.com\/fr\/qui-sommes-nous\/#primaryimage\",\"url\":\"https:\/\/www.orege.com\/content\/uploads\/2021\/02\/logo-alfa-laval.png\",\"contentUrl\":\"https:\/\/www.orege.com\/content\/uploads\/2021\/02\/logo-alfa-laval.png\"},{\"@type\":\"BreadcrumbList\",\"@id\":\"https:\/\/www.orege.com\/fr\/qui-sommes-nous\/#breadcrumb\",\"itemListElement\":[{\"@type\":\"ListItem\",\"position\":1,\"name\":\"Home\",\"item\":\"https:\/\/www.orege.com\/fr\/\"},{\"@type\":\"ListItem\",\"position\":2,\"name\":\"Qui sommes-nous ?\"}]},{\"@type\":\"WebSite\",\"@id\":\"https:\/\/www.orege.com\/fr\/#website\",\"url\":\"https:\/\/www.orege.com\/fr\/\",\"name\":\"Or\u00e8ge\",\"description\":\"\",\"potentialAction\":[{\"@type\":\"SearchAction\",\"target\":{\"@type\":\"EntryPoint\",\"urlTemplate\":\"https:\/\/www.orege.com\/fr\/?s={search_term_string}\"},\"query-input\":{\"@type\":\"PropertyValueSpecification\",\"valueRequired\":true,\"valueName\":\"search_term_string\"}}],\"inLanguage\":\"fr-FR\"}]}<\/script>\n<!-- \/ Yoast SEO plugin. -->","yoast_head_json":{"title":"Qui sommes-nous ? - Or\u00e8ge","robots":{"index":"index","follow":"follow","max-snippet":"max-snippet:-1","max-image-preview":"max-image-preview:large","max-video-preview":"max-video-preview:-1"},"canonical":"https:\/\/www.orege.com\/fr\/qui-sommes-nous\/","og_locale":"fr_FR","og_type":"article","og_title":"Qui sommes-nous ? - Or\u00e8ge","og_description":"Or\u00e8ge l\u2019innovation au service du traitement et de la valorisation des d\u00e9chets depuis plus de 15 ans Gr\u00e2ce \u00e0 la technologie de pointe SLG aux performances in\u00e9gal\u00e9es, Or\u00e8ge propose des solutions cl\u00e9s en main et des services personnalis\u00e9s pour r\u00e9duire vos co\u00fbts de transport et traitement des boues et maximiser la production de biogaz Or\u00e8ge [&hellip;]","og_url":"https:\/\/www.orege.com\/fr\/qui-sommes-nous\/","og_site_name":"Or\u00e8ge","article_modified_time":"2024-11-22T12:50:08+00:00","og_image":[{"width":640,"height":360,"url":"https:\/\/www.orege.com\/content\/uploads\/2021\/02\/logo-alfa-laval.png","type":"image\/png"}],"twitter_card":"summary_large_image","twitter_misc":{"Dur\u00e9e de lecture estim\u00e9e":"2 minutes"},"schema":{"@context":"https:\/\/schema.org","@graph":[{"@type":"WebPage","@id":"https:\/\/www.orege.com\/fr\/qui-sommes-nous\/","url":"https:\/\/www.orege.com\/fr\/qui-sommes-nous\/","name":"Qui sommes-nous ? - Or\u00e8ge","isPartOf":{"@id":"https:\/\/www.orege.com\/fr\/#website"},"primaryImageOfPage":{"@id":"https:\/\/www.orege.com\/fr\/qui-sommes-nous\/#primaryimage"},"image":{"@id":"https:\/\/www.orege.com\/fr\/qui-sommes-nous\/#primaryimage"},"thumbnailUrl":"https:\/\/www.orege.com\/content\/uploads\/2021\/02\/logo-alfa-laval.png","datePublished":"2016-07-21T08:54:42+00:00","dateModified":"2024-11-22T12:50:08+00:00","breadcrumb":{"@id":"https:\/\/www.orege.com\/fr\/qui-sommes-nous\/#breadcrumb"},"inLanguage":"fr-FR","potentialAction":[{"@type":"ReadAction","target":["https:\/\/www.orege.com\/fr\/qui-sommes-nous\/"]}]},{"@type":"ImageObject","inLanguage":"fr-FR","@id":"https:\/\/www.orege.com\/fr\/qui-sommes-nous\/#primaryimage","url":"https:\/\/www.orege.com\/content\/uploads\/2021\/02\/logo-alfa-laval.png","contentUrl":"https:\/\/www.orege.com\/content\/uploads\/2021\/02\/logo-alfa-laval.png"},{"@type":"BreadcrumbList","@id":"https:\/\/www.orege.com\/fr\/qui-sommes-nous\/#breadcrumb","itemListElement":[{"@type":"ListItem","position":1,"name":"Home","item":"https:\/\/www.orege.com\/fr\/"},{"@type":"ListItem","position":2,"name":"Qui sommes-nous ?"}]},{"@type":"WebSite","@id":"https:\/\/www.orege.com\/fr\/#website","url":"https:\/\/www.orege.com\/fr\/","name":"Or\u00e8ge","description":"","potentialAction":[{"@type":"SearchAction","target":{"@type":"EntryPoint","urlTemplate":"https:\/\/www.orege.com\/fr\/?s={search_term_string}"},"query-input":{"@type":"PropertyValueSpecification","valueRequired":true,"valueName":"search_term_string"}}],"inLanguage":"fr-FR"}]}},"_links":{"self":[{"href":"https:\/\/www.orege.com\/fr\/wp-json\/wp\/v2\/pages\/384","targetHints":{"allow":["GET"]}}],"collection":[{"href":"https:\/\/www.orege.com\/fr\/wp-json\/wp\/v2\/pages"}],"about":[{"href":"https:\/\/www.orege.com\/fr\/wp-json\/wp\/v2\/types\/page"}],"author":[{"embeddable":true,"href":"https:\/\/www.orege.com\/fr\/wp-json\/wp\/v2\/users\/1"}],"replies":[{"embeddable":true,"href":"https:\/\/www.orege.com\/fr\/wp-json\/wp\/v2\/comments?post=384"}],"version-history":[{"count":58,"href":"https:\/\/www.orege.com\/fr\/wp-json\/wp\/v2\/pages\/384\/revisions"}],"predecessor-version":[{"id":4453,"href":"https:\/\/www.orege.com\/fr\/wp-json\/wp\/v2\/pages\/384\/revisions\/4453"}],"wp:attachment":[{"href":"https:\/\/www.orege.com\/fr\/wp-json\/wp\/v2\/media?parent=384"}],"curies":[{"name":"wp","href":"https:\/\/api.w.org\/{rel}","templated":true}]}}