{"id":386,"date":"2016-07-21T09:05:11","date_gmt":"2016-07-21T09:05:11","guid":{"rendered":"https:\/\/www.orege.com\/fr\/?page_id=386"},"modified":"2024-11-22T12:39:35","modified_gmt":"2024-11-22T12:39:35","slug":"slg","status":"publish","type":"page","link":"https:\/\/www.orege.com\/fr\/slg\/","title":{"rendered":"La solution SLG"},"content":{"rendered":"<p class=\"big blue\"><strong>Une r\u00e9volution<\/strong> dans le conditionnement,<br \/>\nLe traitement et la valorisation des boues urbaines et industrielles<\/p>\n<h2>Des performances \u00e9conomiques et environnementales in\u00e9gal\u00e9es<\/h2>\n<p>Le SLG est une technologie de rupture brevet\u00e9e qui optimise le conditionnement des boues en modifiant, notamment, leurs caract\u00e9ristiques physico-chimiques et rh\u00e9ologiques. C\u2019est une solution qui am\u00e9liore les performances globales de l\u2019atelier boues, diminue le volume des boues \u00e0 \u00e9liminer et abaisse les co\u00fbts d\u2019exploitation des stations d\u2019\u00e9puration.<\/p>\n<p>Le SLG utilise de l\u2019air et un \u00e9change d\u2019\u00e9nergie pour modifier la structure de la boue et cr\u00e9er une \u00e9mulsion. Une partie plus importante de l&rsquo;eau li\u00e9e est lib\u00e9r\u00e9e et la boue SLG flotte. Les propri\u00e9t\u00e9s physico-chimiques et rh\u00e9ologiques de \u00ab la boue SLG \u00bb sont alors significativement modifi\u00e9es.<br \/>\nL\u2019ajout de polym\u00e8res vient compl\u00e9ter la floculation de \u00ab la boue SLG \u00bb, qui est ensuite trait\u00e9e par l\u2019\u00e9quipement de d\u00e9shydratation existant dans la station d\u2019\u00e9puration. Lors de la mise en place de la solution SLG, Or\u00e8ge adapte les r\u00e9glages de l\u2019\u00e9quipement de d\u00e9shydratation pour en optimiser les performances.<\/p>\n<p>Le SLG est une technologie compacte, qui s\u2019int\u00e8gre facilement dans les stations d\u2019\u00e9puration au sein des \u00e9quipements existants afin d\u2019am\u00e9liorer notablement les performances d\u2019\u00e9paississement et de d\u00e9shydratation sans perturber le fonctionnement de la ligne existante.<\/p>\n<div style=\"width: 1280px;\" class=\"wp-video\"><video class=\"wp-video-shortcode\" id=\"video-386-1\" width=\"1280\" height=\"720\" preload=\"metadata\" controls=\"controls\"><source type=\"video\/mp4\" src=\"https:\/\/www.orege.com\/content\/uploads\/2021\/05\/flottation-boue-slg.mp4?_=1\" \/><a href=\"https:\/\/www.orege.com\/content\/uploads\/2021\/05\/flottation-boue-slg.mp4\">https:\/\/www.orege.com\/content\/uploads\/2021\/05\/flottation-boue-slg.mp4<\/a><\/video><\/div>\n<p>&nbsp;<\/p>\n<div style=\"\"class=\"wp-caption aligncenter d-block mx-auto w-50\"><img fetchpriority=\"high\" decoding=\"async\" class=\"img-responsive wp-image-3299 size-large\" src=\"https:\/\/www.orege.com\/content\/uploads\/2021\/05\/Flottation-boue-SLG-768x1024.jpg\" alt=\"\" width=\"768\" height=\"1024\" \/><p class=\"wp-caption-text\">Flottation de la boue conditionn\u00e9e par le SLG<\/p><\/div>\n<div style=\"width: 1280px;\" class=\"wp-video\"><video class=\"wp-video-shortcode\" id=\"video-386-2\" width=\"1280\" height=\"720\" preload=\"metadata\" controls=\"controls\"><source type=\"video\/mp4\" src=\"https:\/\/www.orege.com\/content\/uploads\/2021\/05\/slg-process.mp4?_=2\" \/><a href=\"https:\/\/www.orege.com\/content\/uploads\/2021\/05\/slg-process.mp4\">https:\/\/www.orege.com\/content\/uploads\/2021\/05\/slg-process.mp4<\/a><\/video><\/div>\n<p>&nbsp;<\/p>\n<div class=\"d-flex\">\n<div class=\"w-33\">\n<p><strong class=\"d-block bg-blue text-white p-1\">Principaux Avantages<\/strong><\/p>\n<ul class=\"px-1 blue\">\n<li>R\u00e9duire le volume des boues<\/li>\n<li>R\u00e9duire l\u2019empreinte carbone et les \u00e9missions de GES<\/li>\n<li>R\u00e9duire la consommation de polym\u00e8res<\/li>\n<li>Am\u00e9liorer la qualit\u00e9 des filtrats<\/li>\n<li>Am\u00e9liorer la rh\u00e9ologie et la pompabilit\u00e9 des boues<\/li>\n<\/ul>\n<\/div>\n<div class=\"w-33\">\n<p><strong class=\"d-block bg-green text-white p-1\">B\u00e9n\u00e9fices Compl\u00e9mentaires<\/strong><\/p>\n<ul class=\"px-1 green\">\n<li>Augmenter la capacit\u00e9 de traitement des \u00e9quipements existants<\/li>\n<li>R\u00e9duire les odeurs et les \u00e9missions de gaz corrosif pendant la phase de stockage des boues.<\/li>\n<li>R\u00e9duire la consommation d\u2019\u00e9nergie<\/li>\n<\/ul>\n<\/div>\n<div class=\"w-33\">\n<p><strong class=\"d-block bg-orange text-white p-1\">Valorisation des boues<\/strong><\/p>\n<ul class=\"px-1 orange\">\n<li>Am\u00e9liorer la valorisation agronomique des boues : \u00e9pandage, compostage<\/li>\n<li>Am\u00e9liorer les performances de la digestion ana\u00e9robie (temps de s\u00e9jour hydraulique, production de biogaz)<\/li>\n<li>D\u00e9velopper la valorisation \u00e9nerg\u00e9tique des boues<\/li>\n<\/ul>\n<\/div>\n<\/div>\n<p>&nbsp;<\/p>\n<div id=\"attachment_3323\" style=\"\"class=\"wp-caption aligncenter d-block mx-auto w-50\"><img decoding=\"async\" aria-describedby=\"caption-attachment-3323\" class=\"img-responsive size-large\" src=\"https:\/\/www.orege.com\/content\/uploads\/2021\/05\/Skid-SLG-673x1024.jpg\" alt=\"\" width=\"673\" height=\"1024\" \/><p id=\"caption-attachment-3323\" class=\"wp-caption-text\">Skid SLG<\/p><\/div>\n<p>Pour conna\u00eetre les caract\u00e9ristiques techniques de la solution, se r\u00e9f\u00e9rer \u00e0 la <a href=\"https:\/\/www.orege.com\/content\/uploads\/2021\/08\/slg-brochure-fr.pdf\" target=\"_blank\" rel=\"noopener noreferrer\">fiche SLG skid<\/a>.<\/p>\n<p>Pour aller plus loin, voir <a href=\"https:\/\/www.orege.com\/fr\/les-marches\/\">Les March\u00e9s<\/a> &amp; <a href=\"https:\/\/www.orege.com\/fr\/les-applications\/\">Applications<\/a>.<\/p>\n","protected":false},"excerpt":{"rendered":"<p>Une r\u00e9volution dans le conditionnement, Le traitement et la valorisation des boues urbaines et industrielles Des performances \u00e9conomiques et environnementales in\u00e9gal\u00e9es Le SLG est une technologie de rupture brevet\u00e9e qui optimise le conditionnement des boues en modifiant, notamment, leurs caract\u00e9ristiques physico-chimiques et rh\u00e9ologiques. C\u2019est une solution qui am\u00e9liore les performances globales de l\u2019atelier boues, diminue [&hellip;]<\/p>\n","protected":false},"author":1,"featured_media":0,"parent":0,"menu_order":0,"comment_status":"closed","ping_status":"closed","template":"","meta":{"_acf_changed":false,"footnotes":""},"class_list":["post-386","page","type-page","status-publish","hentry"],"acf":[],"yoast_head":"<!-- This site is optimized with the Yoast SEO plugin v26.8 - https:\/\/yoast.com\/product\/yoast-seo-wordpress\/ -->\n<title>La solution SLG - Or\u00e8ge<\/title>\n<meta name=\"robots\" content=\"index, follow, max-snippet:-1, max-image-preview:large, max-video-preview:-1\" \/>\n<link rel=\"canonical\" href=\"https:\/\/www.orege.com\/fr\/slg\/\" \/>\n<meta property=\"og:locale\" content=\"fr_FR\" \/>\n<meta property=\"og:type\" content=\"article\" \/>\n<meta property=\"og:title\" content=\"La solution SLG - Or\u00e8ge\" \/>\n<meta property=\"og:description\" content=\"Une r\u00e9volution dans le conditionnement, Le traitement et la valorisation des boues urbaines et industrielles Des performances \u00e9conomiques et environnementales in\u00e9gal\u00e9es Le SLG est une technologie de rupture brevet\u00e9e qui optimise le conditionnement des boues en modifiant, notamment, leurs caract\u00e9ristiques physico-chimiques et rh\u00e9ologiques. C\u2019est une solution qui am\u00e9liore les performances globales de l\u2019atelier boues, diminue [&hellip;]\" \/>\n<meta property=\"og:url\" content=\"https:\/\/www.orege.com\/fr\/slg\/\" \/>\n<meta property=\"og:site_name\" content=\"Or\u00e8ge\" \/>\n<meta property=\"article:modified_time\" content=\"2024-11-22T12:39:35+00:00\" \/>\n<meta property=\"og:image\" content=\"https:\/\/www.orege.com\/content\/uploads\/2021\/05\/Flottation-boue-SLG.jpg\" \/>\n\t<meta property=\"og:image:width\" content=\"800\" \/>\n\t<meta property=\"og:image:height\" content=\"1066\" \/>\n\t<meta property=\"og:image:type\" content=\"image\/jpeg\" \/>\n<meta name=\"twitter:card\" content=\"summary_large_image\" \/>\n<meta name=\"twitter:label1\" content=\"Dur\u00e9e de lecture estim\u00e9e\" \/>\n\t<meta name=\"twitter:data1\" content=\"2 minutes\" \/>\n<script type=\"application\/ld+json\" class=\"yoast-schema-graph\">{\"@context\":\"https:\/\/schema.org\",\"@graph\":[{\"@type\":\"WebPage\",\"@id\":\"https:\/\/www.orege.com\/fr\/slg\/\",\"url\":\"https:\/\/www.orege.com\/fr\/slg\/\",\"name\":\"La solution SLG - Or\u00e8ge\",\"isPartOf\":{\"@id\":\"https:\/\/www.orege.com\/fr\/#website\"},\"primaryImageOfPage\":{\"@id\":\"https:\/\/www.orege.com\/fr\/slg\/#primaryimage\"},\"image\":{\"@id\":\"https:\/\/www.orege.com\/fr\/slg\/#primaryimage\"},\"thumbnailUrl\":\"https:\/\/www.orege.com\/content\/uploads\/2021\/05\/Flottation-boue-SLG-768x1024.jpg\",\"datePublished\":\"2016-07-21T09:05:11+00:00\",\"dateModified\":\"2024-11-22T12:39:35+00:00\",\"breadcrumb\":{\"@id\":\"https:\/\/www.orege.com\/fr\/slg\/#breadcrumb\"},\"inLanguage\":\"fr-FR\",\"potentialAction\":[{\"@type\":\"ReadAction\",\"target\":[\"https:\/\/www.orege.com\/fr\/slg\/\"]}]},{\"@type\":\"ImageObject\",\"inLanguage\":\"fr-FR\",\"@id\":\"https:\/\/www.orege.com\/fr\/slg\/#primaryimage\",\"url\":\"https:\/\/www.orege.com\/content\/uploads\/2021\/05\/Flottation-boue-SLG-768x1024.jpg\",\"contentUrl\":\"https:\/\/www.orege.com\/content\/uploads\/2021\/05\/Flottation-boue-SLG-768x1024.jpg\"},{\"@type\":\"BreadcrumbList\",\"@id\":\"https:\/\/www.orege.com\/fr\/slg\/#breadcrumb\",\"itemListElement\":[{\"@type\":\"ListItem\",\"position\":1,\"name\":\"Home\",\"item\":\"https:\/\/www.orege.com\/fr\/\"},{\"@type\":\"ListItem\",\"position\":2,\"name\":\"La solution SLG\"}]},{\"@type\":\"WebSite\",\"@id\":\"https:\/\/www.orege.com\/fr\/#website\",\"url\":\"https:\/\/www.orege.com\/fr\/\",\"name\":\"Or\u00e8ge\",\"description\":\"\",\"potentialAction\":[{\"@type\":\"SearchAction\",\"target\":{\"@type\":\"EntryPoint\",\"urlTemplate\":\"https:\/\/www.orege.com\/fr\/?s={search_term_string}\"},\"query-input\":{\"@type\":\"PropertyValueSpecification\",\"valueRequired\":true,\"valueName\":\"search_term_string\"}}],\"inLanguage\":\"fr-FR\"}]}<\/script>\n<!-- \/ Yoast SEO plugin. -->","yoast_head_json":{"title":"La solution SLG - Or\u00e8ge","robots":{"index":"index","follow":"follow","max-snippet":"max-snippet:-1","max-image-preview":"max-image-preview:large","max-video-preview":"max-video-preview:-1"},"canonical":"https:\/\/www.orege.com\/fr\/slg\/","og_locale":"fr_FR","og_type":"article","og_title":"La solution SLG - Or\u00e8ge","og_description":"Une r\u00e9volution dans le conditionnement, Le traitement et la valorisation des boues urbaines et industrielles Des performances \u00e9conomiques et environnementales in\u00e9gal\u00e9es Le SLG est une technologie de rupture brevet\u00e9e qui optimise le conditionnement des boues en modifiant, notamment, leurs caract\u00e9ristiques physico-chimiques et rh\u00e9ologiques. C\u2019est une solution qui am\u00e9liore les performances globales de l\u2019atelier boues, diminue [&hellip;]","og_url":"https:\/\/www.orege.com\/fr\/slg\/","og_site_name":"Or\u00e8ge","article_modified_time":"2024-11-22T12:39:35+00:00","og_image":[{"width":800,"height":1066,"url":"https:\/\/www.orege.com\/content\/uploads\/2021\/05\/Flottation-boue-SLG.jpg","type":"image\/jpeg"}],"twitter_card":"summary_large_image","twitter_misc":{"Dur\u00e9e de lecture estim\u00e9e":"2 minutes"},"schema":{"@context":"https:\/\/schema.org","@graph":[{"@type":"WebPage","@id":"https:\/\/www.orege.com\/fr\/slg\/","url":"https:\/\/www.orege.com\/fr\/slg\/","name":"La solution SLG - Or\u00e8ge","isPartOf":{"@id":"https:\/\/www.orege.com\/fr\/#website"},"primaryImageOfPage":{"@id":"https:\/\/www.orege.com\/fr\/slg\/#primaryimage"},"image":{"@id":"https:\/\/www.orege.com\/fr\/slg\/#primaryimage"},"thumbnailUrl":"https:\/\/www.orege.com\/content\/uploads\/2021\/05\/Flottation-boue-SLG-768x1024.jpg","datePublished":"2016-07-21T09:05:11+00:00","dateModified":"2024-11-22T12:39:35+00:00","breadcrumb":{"@id":"https:\/\/www.orege.com\/fr\/slg\/#breadcrumb"},"inLanguage":"fr-FR","potentialAction":[{"@type":"ReadAction","target":["https:\/\/www.orege.com\/fr\/slg\/"]}]},{"@type":"ImageObject","inLanguage":"fr-FR","@id":"https:\/\/www.orege.com\/fr\/slg\/#primaryimage","url":"https:\/\/www.orege.com\/content\/uploads\/2021\/05\/Flottation-boue-SLG-768x1024.jpg","contentUrl":"https:\/\/www.orege.com\/content\/uploads\/2021\/05\/Flottation-boue-SLG-768x1024.jpg"},{"@type":"BreadcrumbList","@id":"https:\/\/www.orege.com\/fr\/slg\/#breadcrumb","itemListElement":[{"@type":"ListItem","position":1,"name":"Home","item":"https:\/\/www.orege.com\/fr\/"},{"@type":"ListItem","position":2,"name":"La solution SLG"}]},{"@type":"WebSite","@id":"https:\/\/www.orege.com\/fr\/#website","url":"https:\/\/www.orege.com\/fr\/","name":"Or\u00e8ge","description":"","potentialAction":[{"@type":"SearchAction","target":{"@type":"EntryPoint","urlTemplate":"https:\/\/www.orege.com\/fr\/?s={search_term_string}"},"query-input":{"@type":"PropertyValueSpecification","valueRequired":true,"valueName":"search_term_string"}}],"inLanguage":"fr-FR"}]}},"_links":{"self":[{"href":"https:\/\/www.orege.com\/fr\/wp-json\/wp\/v2\/pages\/386","targetHints":{"allow":["GET"]}}],"collection":[{"href":"https:\/\/www.orege.com\/fr\/wp-json\/wp\/v2\/pages"}],"about":[{"href":"https:\/\/www.orege.com\/fr\/wp-json\/wp\/v2\/types\/page"}],"author":[{"embeddable":true,"href":"https:\/\/www.orege.com\/fr\/wp-json\/wp\/v2\/users\/1"}],"replies":[{"embeddable":true,"href":"https:\/\/www.orege.com\/fr\/wp-json\/wp\/v2\/comments?post=386"}],"version-history":[{"count":66,"href":"https:\/\/www.orege.com\/fr\/wp-json\/wp\/v2\/pages\/386\/revisions"}],"predecessor-version":[{"id":4451,"href":"https:\/\/www.orege.com\/fr\/wp-json\/wp\/v2\/pages\/386\/revisions\/4451"}],"wp:attachment":[{"href":"https:\/\/www.orege.com\/fr\/wp-json\/wp\/v2\/media?parent=386"}],"curies":[{"name":"wp","href":"https:\/\/api.w.org\/{rel}","templated":true}]}}